{"id":2104,"date":"2021-03-23T09:33:48","date_gmt":"2021-03-23T09:33:48","guid":{"rendered":"http:\/\/localhost\/nuss\/?page_id=167"},"modified":"2025-03-27T09:38:23","modified_gmt":"2025-03-27T09:38:23","slug":"galleria","status":"publish","type":"page","link":"https:\/\/shanghaielonghotel.com\/it\/galleria\/","title":{"rendered":"Galleria"},"content":{"rendered":"<div data-elementor-type=\"wp-page\" data-elementor-id=\"2104\" class=\"elementor elementor-2104\">\n\t\t\t\t\t\t<section class=\"elementor-section elementor-top-section elementor-element elementor-element-8f5bb9d elementor-section-boxed elementor-section-gap-beside-yes elementor-section-height-default elementor-section-height-default elementor-section-column-vertical-align-stretch\" data-id=\"8f5bb9d\" data-element_type=\"section\" data-e-type=\"section\">\n\t\t\t\t\t\t<div class=\"elementor-container elementor-column-gap-extended\">\n\t\t\t\t\t<div class=\"elementor-column elementor-col-100 elementor-top-column elementor-element elementor-element-7ec4215\" data-id=\"7ec4215\" data-element_type=\"column\" data-e-type=\"column\">\n\t\t\t<div class=\"elementor-widget-wrap elementor-element-populated\">\n\t\t\t\t\t\t<div class=\"elementor-element elementor-element-edd9d03 elementor-widget__width-initial elementor-invisible elementor-widget elementor-widget-text-editor\" data-id=\"edd9d03\" data-element_type=\"widget\" data-e-type=\"widget\" data-settings=\"{&quot;_animation&quot;:&quot;nussFadeInUp&quot;}\" data-widget_type=\"text-editor.default\">\n\t\t\t\t<div class=\"elementor-widget-container\">\n\t\t\t\t\t\t\t\t\t<p>L&#039;hotel \u00e8 una serie di hotel open house ispirati alla diversit\u00e0 e all&#039;originalit\u00e0 delle strade e degli scenari che ci circondano.<\/p>\t\t\t\t\t\t\t\t<\/div>\n\t\t\t\t<\/div>\n\t\t\t\t\t<\/div>\n\t\t<\/div>\n\t\t\t\t\t<\/div>\n\t\t<\/section>\n\t\t<div class=\"elementor-element elementor-element-aaf3e2d e-flex e-con-boxed e-con e-parent\" data-id=\"aaf3e2d\" data-element_type=\"container\" data-e-type=\"container\">\n\t\t\t\t\t<div class=\"e-con-inner\">\n\t\t\t\t<div class=\"elementor-element elementor-element-0f93c04 elementor-widget elementor-widget-nuss-image-gallery\" data-id=\"0f93c04\" data-element_type=\"widget\" data-e-type=\"widget\" data-widget_type=\"nuss-image-gallery.default\">\n\t\t\t\t<div class=\"elementor-widget-container\">\n\t\t\t\t\t\t\t<div class=\"nuss-grid-wrapper\" data-grid=\"{&quot;type&quot;:&quot;grid&quot;,&quot;ratio&quot;:null,&quot;columns&quot;:3,&quot;gutter&quot;:30}\">\r\n\t\t\t<div class=\"nuss-grid lazy-grid\">\r\n\t\t\t\t<div class=\"grid-sizer\"><\/div>\r\n\r\n\t\t\t\t\t\t\t\t\t\t\t\t<div class=\"grid-item\">\r\n\t\t\t\t\t\t<div class=\"nuss-box\">\t\t<div class=\"nuss-image image\">\r\n\t\t\t<img decoding=\"async\"  src=\"https:\/\/shanghaielonghotel.com\/wp-content\/uploads\/2021\/06\/Guestroom-Street-View-Double-bed-12.webp\" alt=\"Camera per gli ospiti - Vista sulla strada (letto matrimoniale) (12)\" \/>\t\t<\/div>\r\n\t\t\t\t<\/div>\t\t\t\t\t<\/div>\r\n\t\t\t\t\t\t<div class=\"grid-item\">\r\n\t\t\t\t\t\t<div class=\"nuss-box\">\t\t<div class=\"nuss-image image\">\r\n\t\t\t<img decoding=\"async\"  src=\"https:\/\/shanghaielonghotel.com\/wp-content\/uploads\/2021\/06\/Guestroom-Street-View-Double-bed-11.webp\" alt=\"Camera per gli ospiti - Vista sulla strada (letto matrimoniale) (11)\" \/>\t\t<\/div>\r\n\t\t\t\t<\/div>\t\t\t\t\t<\/div>\r\n\t\t\t\t\t\t<div class=\"grid-item\">\r\n\t\t\t\t\t\t<div class=\"nuss-box\">\t\t<div class=\"nuss-image image\">\r\n\t\t\t<img decoding=\"async\"  src=\"https:\/\/shanghaielonghotel.com\/wp-content\/uploads\/2021\/06\/Guestroom-Street-View-Double-bed-9.webp\" alt=\"Camera per gli ospiti - Vista sulla strada (letto matrimoniale) (9)\" \/>\t\t<\/div>\r\n\t\t\t\t<\/div>\t\t\t\t\t<\/div>\r\n\t\t\t\t\t\t<div class=\"grid-item\">\r\n\t\t\t\t\t\t<div class=\"nuss-box\">\t\t<div class=\"nuss-image image\">\r\n\t\t\t<img decoding=\"async\"  src=\"https:\/\/shanghaielonghotel.com\/wp-content\/uploads\/2021\/06\/Guestroom-Street-View-Double-bed-8.webp\" alt=\"Camera per gli ospiti - Vista sulla strada (letto matrimoniale) (8)\" \/>\t\t<\/div>\r\n\t\t\t\t<\/div>\t\t\t\t\t<\/div>\r\n\t\t\t\t\t\t<div class=\"grid-item\">\r\n\t\t\t\t\t\t<div class=\"nuss-box\">\t\t<div class=\"nuss-image image\">\r\n\t\t\t<img decoding=\"async\"  src=\"https:\/\/shanghaielonghotel.com\/wp-content\/uploads\/2021\/06\/Guestroom-Street-View-Double-bed-7.webp\" alt=\"Camera per gli ospiti - Vista sulla strada (letto matrimoniale) (7)\" \/>\t\t<\/div>\r\n\t\t\t\t<\/div>\t\t\t\t\t<\/div>\r\n\t\t\t\t\t\t<div class=\"grid-item\">\r\n\t\t\t\t\t\t<div class=\"nuss-box\">\t\t<div class=\"nuss-image image\">\r\n\t\t\t<img decoding=\"async\"  src=\"https:\/\/shanghaielonghotel.com\/wp-content\/uploads\/2021\/06\/Guestroom-Street-View-Double-bed-6.webp\" alt=\"Camera per gli ospiti - Vista sulla strada (letto matrimoniale) (6)\" \/>\t\t<\/div>\r\n\t\t\t\t<\/div>\t\t\t\t\t<\/div>\r\n\t\t\t\t\t\t<div class=\"grid-item\">\r\n\t\t\t\t\t\t<div class=\"nuss-box\">\t\t<div class=\"nuss-image image\">\r\n\t\t\t<img decoding=\"async\"  src=\"https:\/\/shanghaielonghotel.com\/wp-content\/uploads\/2021\/06\/Guestroom-Street-View-Double-bed-4.webp\" alt=\"Camera per gli ospiti - Vista sulla strada (letto matrimoniale) (4)\" \/>\t\t<\/div>\r\n\t\t\t\t<\/div>\t\t\t\t\t<\/div>\r\n\t\t\t\t\t\t<div class=\"grid-item\">\r\n\t\t\t\t\t\t<div class=\"nuss-box\">\t\t<div class=\"nuss-image image\">\r\n\t\t\t<img decoding=\"async\"  src=\"https:\/\/shanghaielonghotel.com\/wp-content\/uploads\/2021\/06\/Guestroom-Street-View-Double-bed-5.webp\" alt=\"Camera per gli ospiti - Vista sulla strada (letto matrimoniale) (5)\" \/>\t\t<\/div>\r\n\t\t\t\t<\/div>\t\t\t\t\t<\/div>\r\n\t\t\t\t\t\t<div class=\"grid-item\">\r\n\t\t\t\t\t\t<div class=\"nuss-box\">\t\t<div class=\"nuss-image image\">\r\n\t\t\t<img decoding=\"async\"  src=\"https:\/\/shanghaielonghotel.com\/wp-content\/uploads\/2021\/06\/Guestroom-Street-View-Double-bed-3.webp\" alt=\"Camera per gli ospiti - Vista sulla strada (letto matrimoniale) (3)\" \/>\t\t<\/div>\r\n\t\t\t\t<\/div>\t\t\t\t\t<\/div>\r\n\t\t\t\t\t\t<div class=\"grid-item\">\r\n\t\t\t\t\t\t<div class=\"nuss-box\">\t\t<div class=\"nuss-image image\">\r\n\t\t\t<img decoding=\"async\"  src=\"https:\/\/shanghaielonghotel.com\/wp-content\/uploads\/2021\/06\/Guestroom-Street-View-Double-bed-2.webp\" alt=\"Camera per gli ospiti - Vista sulla strada (letto matrimoniale) (2)\" \/>\t\t<\/div>\r\n\t\t\t\t<\/div>\t\t\t\t\t<\/div>\r\n\t\t\t\t\t\t<div class=\"grid-item\">\r\n\t\t\t\t\t\t<div class=\"nuss-box\">\t\t<div class=\"nuss-image image\">\r\n\t\t\t<img decoding=\"async\"  src=\"https:\/\/shanghaielonghotel.com\/wp-content\/uploads\/2021\/06\/Guestroom-Street-View-Double-bed-1.webp\" alt=\"Camera per gli ospiti - Vista sulla strada (letto matrimoniale) (1)\" \/>\t\t<\/div>\r\n\t\t\t\t<\/div>\t\t\t\t\t<\/div>\r\n\t\t\t\t\t\t<div class=\"grid-item\">\r\n\t\t\t\t\t\t<div class=\"nuss-box\">\t\t<div class=\"nuss-image image\">\r\n\t\t\t<img decoding=\"async\"  src=\"https:\/\/shanghaielonghotel.com\/wp-content\/uploads\/2021\/06\/Superior-NanjingRoad-view-Room-2-Beds-7.webp\" alt=\"Camera Superior con vista su Nanjing Road (2 letti) (7)\" \/>\t\t<\/div>\r\n\t\t\t\t<\/div>\t\t\t\t\t<\/div>\r\n\t\t\t\t\t\t<div class=\"grid-item\">\r\n\t\t\t\t\t\t<div class=\"nuss-box\">\t\t<div class=\"nuss-image image\">\r\n\t\t\t<img decoding=\"async\"  src=\"https:\/\/shanghaielonghotel.com\/wp-content\/uploads\/2021\/06\/0204j120008lbz47j770B_W_1280_853_R5-1.webp\" alt=\"0204j120008lbz47j770B_W_1280_853_R5\" \/>\t\t<\/div>\r\n\t\t\t\t<\/div>\t\t\t\t\t<\/div>\r\n\t\t\t\t\t\t<div class=\"grid-item\">\r\n\t\t\t\t\t\t<div class=\"nuss-box\">\t\t<div class=\"nuss-image image\">\r\n\t\t\t<img decoding=\"async\"  src=\"https:\/\/shanghaielonghotel.com\/wp-content\/uploads\/2021\/06\/Superior-NanjingRoad-view-Room-2-Beds-9.webp\" alt=\"Camera Superior con vista su Nanjing Road (2 letti) (9)\" \/>\t\t<\/div>\r\n\t\t\t\t<\/div>\t\t\t\t\t<\/div>\r\n\t\t\t\t\t\t<div class=\"grid-item\">\r\n\t\t\t\t\t\t<div class=\"nuss-box\">\t\t<div class=\"nuss-image image\">\r\n\t\t\t<img decoding=\"async\"  src=\"https:\/\/shanghaielonghotel.com\/wp-content\/uploads\/2021\/06\/Superior-NanjingRoad-view-Room-2-Beds-8.webp\" alt=\"Camera Superior con vista su Nanjing Road (2 letti) (8)\" \/>\t\t<\/div>\r\n\t\t\t\t<\/div>\t\t\t\t\t<\/div>\r\n\t\t\t\t\t\t<div class=\"grid-item\">\r\n\t\t\t\t\t\t<div class=\"nuss-box\">\t\t<div class=\"nuss-image image\">\r\n\t\t\t<img decoding=\"async\"  src=\"https:\/\/shanghaielonghotel.com\/wp-content\/uploads\/2021\/06\/Superior-NanjingRoad-view-Room-2-Beds-6.webp\" alt=\"Camera Superior con vista su Nanjing Road (2 letti) (6)\" \/>\t\t<\/div>\r\n\t\t\t\t<\/div>\t\t\t\t\t<\/div>\r\n\t\t\t\t\t\t<div class=\"grid-item\">\r\n\t\t\t\t\t\t<div class=\"nuss-box\">\t\t<div class=\"nuss-image image\">\r\n\t\t\t<img decoding=\"async\"  src=\"https:\/\/shanghaielonghotel.com\/wp-content\/uploads\/2021\/06\/Superior-NanjingRoad-view-Room-2-Beds-4.webp\" alt=\"Camera Superior con vista su Nanjing Road (2 letti) (4)\" \/>\t\t<\/div>\r\n\t\t\t\t<\/div>\t\t\t\t\t<\/div>\r\n\t\t\t\t\t\t<div class=\"grid-item\">\r\n\t\t\t\t\t\t<div class=\"nuss-box\">\t\t<div class=\"nuss-image image\">\r\n\t\t\t<img decoding=\"async\"  src=\"https:\/\/shanghaielonghotel.com\/wp-content\/uploads\/2021\/06\/Superior-NanjingRoad-view-Room-2-Beds-5.webp\" alt=\"Camera Superior con vista su Nanjing Road (2 letti) (5)\" \/>\t\t<\/div>\r\n\t\t\t\t<\/div>\t\t\t\t\t<\/div>\r\n\t\t\t\t\t\t<div class=\"grid-item\">\r\n\t\t\t\t\t\t<div class=\"nuss-box\">\t\t<div class=\"nuss-image image\">\r\n\t\t\t<img decoding=\"async\"  src=\"https:\/\/shanghaielonghotel.com\/wp-content\/uploads\/2021\/06\/Superior-NanjingRoad-view-Room-2-Beds-3.webp\" alt=\"Camera Superior con vista su Nanjing Road (2 letti) (3)\" \/>\t\t<\/div>\r\n\t\t\t\t<\/div>\t\t\t\t\t<\/div>\r\n\t\t\t\t\t\t<div class=\"grid-item\">\r\n\t\t\t\t\t\t<div class=\"nuss-box\">\t\t<div class=\"nuss-image image\">\r\n\t\t\t<img decoding=\"async\"  src=\"https:\/\/shanghaielonghotel.com\/wp-content\/uploads\/2021\/06\/Superior-NanjingRoad-view-Room-2-Beds-2.webp\" alt=\"Camera Superior con vista su Nanjing Road (2 letti) (2)\" \/>\t\t<\/div>\r\n\t\t\t\t<\/div>\t\t\t\t\t<\/div>\r\n\t\t\t\t\t\t<div class=\"grid-item\">\r\n\t\t\t\t\t\t<div class=\"nuss-box\">\t\t<div class=\"nuss-image image\">\r\n\t\t\t<img decoding=\"async\"  src=\"https:\/\/shanghaielonghotel.com\/wp-content\/uploads\/2021\/06\/Superior-NanjingRoad-view-Room-2-Beds-1.webp\" alt=\"Camera Superior con vista su Nanjing Road (2 letti) (1)\" \/>\t\t<\/div>\r\n\t\t\t\t<\/div>\t\t\t\t\t<\/div>\r\n\t\t\t\t\t\t<div class=\"grid-item\">\r\n\t\t\t\t\t\t<div class=\"nuss-box\">\t\t<div class=\"nuss-image image\">\r\n\t\t\t<img decoding=\"async\"  src=\"https:\/\/shanghaielonghotel.com\/wp-content\/uploads\/2021\/06\/Smart-Nanjingroad-view-Room-Street-View-2-Beds-5.webp\" alt=\"Camera Smart Nanjingroad con vista sulla strada (2 letti) (5)\" \/>\t\t<\/div>\r\n\t\t\t\t<\/div>\t\t\t\t\t<\/div>\r\n\t\t\t\t\t\t<div class=\"grid-item\">\r\n\t\t\t\t\t\t<div class=\"nuss-box\">\t\t<div class=\"nuss-image image\">\r\n\t\t\t<img decoding=\"async\"  src=\"https:\/\/shanghaielonghotel.com\/wp-content\/uploads\/2021\/06\/Smart-Nanjingroad-view-Room-Street-View-2-Beds-4.webp\" alt=\"Camera Smart Nanjingroad con vista sulla strada (2 letti) (4)\" \/>\t\t<\/div>\r\n\t\t\t\t<\/div>\t\t\t\t\t<\/div>\r\n\t\t\t\t\t\t<div class=\"grid-item\">\r\n\t\t\t\t\t\t<div class=\"nuss-box\">\t\t<div class=\"nuss-image image\">\r\n\t\t\t<img decoding=\"async\"  src=\"https:\/\/shanghaielonghotel.com\/wp-content\/uploads\/2021\/06\/Smart-Nanjingroad-view-Room-Street-View-2-Beds-3.webp\" alt=\"Camera Smart Nanjingroad con vista sulla strada (2 letti) (3)\" \/>\t\t<\/div>\r\n\t\t\t\t<\/div>\t\t\t\t\t<\/div>\r\n\t\t\t\t\t\t<div class=\"grid-item\">\r\n\t\t\t\t\t\t<div class=\"nuss-box\">\t\t<div class=\"nuss-image image\">\r\n\t\t\t<img decoding=\"async\"  src=\"https:\/\/shanghaielonghotel.com\/wp-content\/uploads\/2021\/06\/Smart-Nanjingroad-view-Room-Street-View-2-Beds-2.webp\" alt=\"Camera Smart Nanjingroad con vista sulla strada (2 letti) (2)\" \/>\t\t<\/div>\r\n\t\t\t\t<\/div>\t\t\t\t\t<\/div>\r\n\t\t\t\t\t\t<div class=\"grid-item\">\r\n\t\t\t\t\t\t<div class=\"nuss-box\">\t\t<div class=\"nuss-image image\">\r\n\t\t\t<img decoding=\"async\"  src=\"https:\/\/shanghaielonghotel.com\/wp-content\/uploads\/2021\/06\/Smart-Nanjingroad-view-Room-Street-View-2-Beds-1.webp\" alt=\"Camera Smart Nanjingroad con vista sulla strada (2 letti) (1)\" \/>\t\t<\/div>\r\n\t\t\t\t<\/div>\t\t\t\t\t<\/div>\r\n\t\t\t\t\t\t<div class=\"grid-item\">\r\n\t\t\t\t\t\t<div class=\"nuss-box\">\t\t<div class=\"nuss-image image\">\r\n\t\t\t<img decoding=\"async\"  src=\"https:\/\/shanghaielonghotel.com\/wp-content\/uploads\/2021\/06\/0204j120008lbz47j770B_W_1280_853_R5.webp\" alt=\"0204j120008lbz47j770B_W_1280_853_R5\" \/>\t\t<\/div>\r\n\t\t\t\t<\/div>\t\t\t\t\t<\/div>\r\n\t\t\t\t\t\t<div class=\"grid-item\">\r\n\t\t\t\t\t\t<div class=\"nuss-box\">\t\t<div class=\"nuss-image image\">\r\n\t\t\t<img decoding=\"async\"  src=\"https:\/\/shanghaielonghotel.com\/wp-content\/uploads\/2021\/06\/0202k120008mfe0904441_W_1280_853_R5.webp\" alt=\"0202k120008mfe0904441_W_1280_853_R5\" \/>\t\t<\/div>\r\n\t\t\t\t<\/div>\t\t\t\t\t<\/div>\r\n\t\t\t\t\t\t<div class=\"grid-item\">\r\n\t\t\t\t\t\t<div class=\"nuss-box\">\t\t<div class=\"nuss-image image\">\r\n\t\t\t<img decoding=\"async\"  src=\"https:\/\/shanghaielonghotel.com\/wp-content\/uploads\/2021\/06\/Superior-Room-Double-Bed-Fridge-7.webp\" alt=\"Camera Superior (Letto Matrimoniale) (Frigorifero) (7)\" \/>\t\t<\/div>\r\n\t\t\t\t<\/div>\t\t\t\t\t<\/div>\r\n\t\t\t\t\t\t<div class=\"grid-item\">\r\n\t\t\t\t\t\t<div class=\"nuss-box\">\t\t<div class=\"nuss-image image\">\r\n\t\t\t<img decoding=\"async\"  src=\"https:\/\/shanghaielonghotel.com\/wp-content\/uploads\/2021\/06\/Superior-Room-Double-Bed-Fridge-6.webp\" alt=\"Camera Superior (Letto Matrimoniale) (Frigorifero) (6)\" \/>\t\t<\/div>\r\n\t\t\t\t<\/div>\t\t\t\t\t<\/div>\r\n\t\t\t\t\t\t<div class=\"grid-item\">\r\n\t\t\t\t\t\t<div class=\"nuss-box\">\t\t<div class=\"nuss-image image\">\r\n\t\t\t<img decoding=\"async\"  src=\"https:\/\/shanghaielonghotel.com\/wp-content\/uploads\/2021\/06\/Superior-Room-Double-Bed-Fridge-5.webp\" alt=\"Camera Superior (Letto Matrimoniale) (Frigorifero) (5)\" \/>\t\t<\/div>\r\n\t\t\t\t<\/div>\t\t\t\t\t<\/div>\r\n\t\t\t\t\t\t<div class=\"grid-item\">\r\n\t\t\t\t\t\t<div class=\"nuss-box\">\t\t<div class=\"nuss-image image\">\r\n\t\t\t<img decoding=\"async\"  src=\"https:\/\/shanghaielonghotel.com\/wp-content\/uploads\/2021\/06\/Superior-Room-Double-Bed-Fridge-4.webp\" alt=\"Camera Superior (Letto Matrimoniale) (Frigorifero) (4)\" \/>\t\t<\/div>\r\n\t\t\t\t<\/div>\t\t\t\t\t<\/div>\r\n\t\t\t\t\t\t<div class=\"grid-item\">\r\n\t\t\t\t\t\t<div class=\"nuss-box\">\t\t<div class=\"nuss-image image\">\r\n\t\t\t<img decoding=\"async\"  src=\"https:\/\/shanghaielonghotel.com\/wp-content\/uploads\/2021\/06\/Superior-Room-Double-Bed-Fridge-3.webp\" alt=\"Camera Superior (Letto Matrimoniale) (Frigorifero) (3)\" \/>\t\t<\/div>\r\n\t\t\t\t<\/div>\t\t\t\t\t<\/div>\r\n\t\t\t\t\t\t<div class=\"grid-item\">\r\n\t\t\t\t\t\t<div class=\"nuss-box\">\t\t<div class=\"nuss-image image\">\r\n\t\t\t<img decoding=\"async\"  src=\"https:\/\/shanghaielonghotel.com\/wp-content\/uploads\/2021\/06\/Superior-Room-Double-Bed-Fridge-2.webp\" alt=\"Camera Superior (Letto Matrimoniale) (Frigorifero) (2)\" \/>\t\t<\/div>\r\n\t\t\t\t<\/div>\t\t\t\t\t<\/div>\r\n\t\t\t\t\t\t<div class=\"grid-item\">\r\n\t\t\t\t\t\t<div class=\"nuss-box\">\t\t<div class=\"nuss-image image\">\r\n\t\t\t<img decoding=\"async\"  src=\"https:\/\/shanghaielonghotel.com\/wp-content\/uploads\/2021\/06\/Superior-Room-Double-Bed-Fridge-1.webp\" alt=\"Camera Superior (Letto Matrimoniale) (Frigorifero) (1)\" \/>\t\t<\/div>\r\n\t\t\t\t<\/div>\t\t\t\t\t<\/div>\r\n\t\t\t\t\t\t<div class=\"grid-item\">\r\n\t\t\t\t\t\t<div class=\"nuss-box\">\t\t<div class=\"nuss-image image\">\r\n\t\t\t<img decoding=\"async\"  src=\"https:\/\/shanghaielonghotel.com\/wp-content\/uploads\/2025\/03\/0201e120008iwbjt8BBC0_W_1280_853_R5.webp\" alt=\"0201e120008iwbjt8BBC0_W_1280_853_R5\" \/>\t\t<\/div>\r\n\t\t\t\t<\/div>\t\t\t\t\t<\/div>\r\n\t\t\t\t\t\t<div class=\"grid-item\">\r\n\t\t\t\t\t\t<div class=\"nuss-box\">\t\t<div class=\"nuss-image image\">\r\n\t\t\t<img decoding=\"async\"  src=\"https:\/\/shanghaielonghotel.com\/wp-content\/uploads\/2025\/03\/0202o120008pl5kt9372B_W_1280_853_R5.webp\" alt=\"0202o120008pl5kt9372B_W_1280_853_R5\" \/>\t\t<\/div>\r\n\t\t\t\t<\/div>\t\t\t\t\t<\/div>\r\n\t\t\t\t\t\t<div class=\"grid-item\">\r\n\t\t\t\t\t\t<div class=\"nuss-box\">\t\t<div class=\"nuss-image image\">\r\n\t\t\t<img decoding=\"async\"  src=\"https:\/\/shanghaielonghotel.com\/wp-content\/uploads\/2025\/03\/0201d120008kyzdk84E85_W_1280_853_R5.webp\" alt=\"0201d120008kyzdk84E85_W_1280_853_R5\" \/>\t\t<\/div>\r\n\t\t\t\t<\/div>\t\t\t\t\t<\/div>\r\n\t\t\t\t\t\t<div class=\"grid-item\">\r\n\t\t\t\t\t\t<div class=\"nuss-box\">\t\t<div class=\"nuss-image image\">\r\n\t\t\t<img decoding=\"async\"  src=\"https:\/\/shanghaielonghotel.com\/wp-content\/uploads\/2025\/03\/0202b120008kyz39wE68D_W_1280_853_R51.webp\" alt=\"0202b120008kyz39wE68D_W_1280_853_R5(1)\" \/>\t\t<\/div>\r\n\t\t\t\t<\/div>\t\t\t\t\t<\/div>\r\n\t\t\t\t\t\t<div class=\"grid-item\">\r\n\t\t\t\t\t\t<div class=\"nuss-box\">\t\t<div class=\"nuss-image image\">\r\n\t\t\t<img decoding=\"async\"  src=\"https:\/\/shanghaielonghotel.com\/wp-content\/uploads\/2025\/03\/0202l120008k86s3t47D9_W_1280_853_R5.webp\" alt=\"0202l120008k86s3t47D9_W_1280_853_R5\" \/>\t\t<\/div>\r\n\t\t\t\t<\/div>\t\t\t\t\t<\/div>\r\n\t\t\t\t\t\t<div class=\"grid-item\">\r\n\t\t\t\t\t\t<div class=\"nuss-box\">\t\t<div class=\"nuss-image image\">\r\n\t\t\t<img decoding=\"async\"  src=\"https:\/\/shanghaielonghotel.com\/wp-content\/uploads\/2025\/03\/1mc3a12000hngtt517491_W_1280_853_R5.webp\" alt=\"1mc3a12000hngtt517491_W_1280_853_R5\" \/>\t\t<\/div>\r\n\t\t\t\t<\/div>\t\t\t\t\t<\/div>\r\n\t\t\t\t\t\t<div class=\"grid-item\">\r\n\t\t\t\t\t\t<div class=\"nuss-box\">\t\t<div class=\"nuss-image image\">\r\n\t\t\t<img decoding=\"async\"  src=\"https:\/\/shanghaielonghotel.com\/wp-content\/uploads\/2025\/03\/0203g120008ujmww67B29_W_1280_853_R5.webp\" alt=\"0203g120008ujmww67B29_W_1280_853_R5\" \/>\t\t<\/div>\r\n\t\t\t\t<\/div>\t\t\t\t\t<\/div>\r\n\t\t\t\t\t\t<div class=\"grid-item\">\r\n\t\t\t\t\t\t<div class=\"nuss-box\">\t\t<div class=\"nuss-image image\">\r\n\t\t\t<img decoding=\"async\"  src=\"https:\/\/shanghaielonghotel.com\/wp-content\/uploads\/2025\/03\/0204j1200090z9d7r250D_W_1280_853_R5.webp\" alt=\"0204j1200090z9d7r250D_W_1280_853_R5\" \/>\t\t<\/div>\r\n\t\t\t\t<\/div>\t\t\t\t\t<\/div>\r\n\t\t\t\t\t\t<div class=\"grid-item\">\r\n\t\t\t\t\t\t<div class=\"nuss-box\">\t\t<div class=\"nuss-image image\">\r\n\t\t\t<img decoding=\"async\"  src=\"https:\/\/shanghaielonghotel.com\/wp-content\/uploads\/2025\/03\/0205x1200090z9b5g1C40_W_1280_853_R5.webp\" alt=\"0205x1200090z9b5g1C40_W_1280_853_R5\" \/>\t\t<\/div>\r\n\t\t\t\t<\/div>\t\t\t\t\t<\/div>\r\n\t\t\t\t\t\t<div class=\"grid-item\">\r\n\t\t\t\t\t\t<div class=\"nuss-box\">\t\t<div class=\"nuss-image image\">\r\n\t\t\t<img decoding=\"async\"  src=\"https:\/\/shanghaielonghotel.com\/wp-content\/uploads\/2025\/03\/0206a120008ujmwxmBA96_W_1280_853_R5.webp\" alt=\"0206a120008ujmwxmBA96_W_1280_853_R5\" \/>\t\t<\/div>\r\n\t\t\t\t<\/div>\t\t\t\t\t<\/div>\r\n\t\t\t\t\t\t<div class=\"grid-item\">\r\n\t\t\t\t\t\t<div class=\"nuss-box\">\t\t<div class=\"nuss-image image\">\r\n\t\t\t<img decoding=\"async\"  src=\"https:\/\/shanghaielonghotel.com\/wp-content\/uploads\/2025\/03\/0206s1200090z9b599B69_W_1280_853_R5.webp\" alt=\"0206s1200090z9b599B69_W_1280_853_R5\" \/>\t\t<\/div>\r\n\t\t\t\t<\/div>\t\t\t\t\t<\/div>\r\n\t\t\t\t\t\t<div class=\"grid-item\">\r\n\t\t\t\t\t\t<div class=\"nuss-box\">\t\t<div class=\"nuss-image image\">\r\n\t\t\t<img decoding=\"async\"  src=\"https:\/\/shanghaielonghotel.com\/wp-content\/uploads\/2025\/03\/0205o1200090zakmf86BA_W_1280_853_R5.webp\" alt=\"0205o1200090zakmf86BA_W_1280_853_R5\" \/>\t\t<\/div>\r\n\t\t\t\t<\/div>\t\t\t\t\t<\/div>\r\n\t\t\t\t\t\t<div class=\"grid-item\">\r\n\t\t\t\t\t\t<div class=\"nuss-box\">\t\t<div class=\"nuss-image image\">\r\n\t\t\t<img decoding=\"async\"  src=\"https:\/\/shanghaielonghotel.com\/wp-content\/uploads\/2025\/03\/0201v120008ujod5i2955_W_1280_853_R5.webp\" alt=\"0201v120008ujod5i2955_W_1280_853_R5\" \/>\t\t<\/div>\r\n\t\t\t\t<\/div>\t\t\t\t\t<\/div>\r\n\t\t\t\t\t\t<div class=\"grid-item\">\r\n\t\t\t\t\t\t<div class=\"nuss-box\">\t\t<div class=\"nuss-image image\">\r\n\t\t\t<img decoding=\"async\"  src=\"https:\/\/shanghaielonghotel.com\/wp-content\/uploads\/2025\/03\/0204y1200090zawth3C14_W_1280_853_R5.webp\" alt=\"0204y1200090zawth3C14_W_1280_853_R5\" \/>\t\t<\/div>\r\n\t\t\t\t<\/div>\t\t\t\t\t<\/div>\r\n\t\t\t\t\t\t<div class=\"grid-item\">\r\n\t\t\t\t\t\t<div class=\"nuss-box\">\t\t<div class=\"nuss-image image\">\r\n\t\t\t<img decoding=\"async\"  src=\"https:\/\/shanghaielonghotel.com\/wp-content\/uploads\/2025\/03\/0205d120008ujo9dy3CED_W_1280_853_R5.webp\" alt=\"0205d120008ujo9dy3CED_W_1280_853_R5\" \/>\t\t<\/div>\r\n\t\t\t\t<\/div>\t\t\t\t\t<\/div>\r\n\t\t\t\t\t\t<div class=\"grid-item\">\r\n\t\t\t\t\t\t<div class=\"nuss-box\">\t\t<div class=\"nuss-image image\">\r\n\t\t\t<img decoding=\"async\"  src=\"https:\/\/shanghaielonghotel.com\/wp-content\/uploads\/2025\/03\/02035120008lbz3sp38DB_W_1280_853_R5.webp\" alt=\"02035120008lbz3sp38DB_W_1280_853_R5\" \/>\t\t<\/div>\r\n\t\t\t\t<\/div>\t\t\t\t\t<\/div>\r\n\t\t\t\t\t\t<div class=\"grid-item\">\r\n\t\t\t\t\t\t<div class=\"nuss-box\">\t\t<div class=\"nuss-image image\">\r\n\t\t\t<img decoding=\"async\"  src=\"https:\/\/shanghaielonghotel.com\/wp-content\/uploads\/2025\/03\/0200c120008lbz0elDCC3_W_1280_853_R5.webp\" alt=\"0200c120008lbz0elDCC3_W_1280_853_R5\" \/>\t\t<\/div>\r\n\t\t\t\t<\/div>\t\t\t\t\t<\/div>\r\n\t\t\t\t\t\t<div class=\"grid-item\">\r\n\t\t\t\t\t\t<div class=\"nuss-box\">\t\t<div class=\"nuss-image image\">\r\n\t\t\t<img decoding=\"async\"  src=\"https:\/\/shanghaielonghotel.com\/wp-content\/uploads\/2025\/03\/0201e120008lc11a06489_W_1280_853_R5.webp\" alt=\"0201e120008lc11a06489_W_1280_853_R5\" \/>\t\t<\/div>\r\n\t\t\t\t<\/div>\t\t\t\t\t<\/div>\r\n\t\t\t\t\t\t<div class=\"grid-item\">\r\n\t\t\t\t\t\t<div class=\"nuss-box\">\t\t<div class=\"nuss-image image\">\r\n\t\t\t<img decoding=\"async\"  src=\"https:\/\/shanghaielonghotel.com\/wp-content\/uploads\/2025\/03\/0202h120008pl5u5s70AB_W_1280_853_R5.webp\" alt=\"0202h120008pl5u5s70AB_W_1280_853_R5\" \/>\t\t<\/div>\r\n\t\t\t\t<\/div>\t\t\t\t\t<\/div>\r\n\t\t\t\t\t\t<div class=\"grid-item\">\r\n\t\t\t\t\t\t<div class=\"nuss-box\">\t\t<div class=\"nuss-image image\">\r\n\t\t\t<img decoding=\"async\"  src=\"https:\/\/shanghaielonghotel.com\/wp-content\/uploads\/2025\/03\/02028120008k86jvn623F_W_1280_853_R5.webp\" alt=\"02028120008k86jvn623F_W_1280_853_R5\" \/>\t\t<\/div>\r\n\t\t\t\t<\/div>\t\t\t\t\t<\/div>\r\n\t\t\t\t\t\t\t\r\n\t\t\t<\/div>\r\n\t\t<\/div>\r\n\t\t\t\t\t\t<\/div>\n\t\t\t\t<\/div>\n\t\t\t\t\t<\/div>\n\t\t\t\t<\/div>\n\t\t\t\t<\/div>","protected":false},"excerpt":{"rendered":"<p>L&#039;hotel \u00e8 una serie di hotel open house ispirati alla diversit\u00e0 e all&#039;originalit\u00e0 delle strade e degli scenari che ci circondano.<\/p>","protected":false},"author":1,"featured_media":0,"parent":0,"menu_order":0,"comment_status":"closed","ping_status":"closed","template":"elementor_header_footer","meta":{"footnotes":""},"class_list":["post-2104","page","type-page","status-publish","hentry","post-no-thumbnail"],"_links":{"self":[{"href":"https:\/\/shanghaielonghotel.com\/it\/wp-json\/wp\/v2\/pages\/2104","targetHints":{"allow":["GET"]}}],"collection":[{"href":"https:\/\/shanghaielonghotel.com\/it\/wp-json\/wp\/v2\/pages"}],"about":[{"href":"https:\/\/shanghaielonghotel.com\/it\/wp-json\/wp\/v2\/types\/page"}],"author":[{"embeddable":true,"href":"https:\/\/shanghaielonghotel.com\/it\/wp-json\/wp\/v2\/users\/1"}],"replies":[{"embeddable":true,"href":"https:\/\/shanghaielonghotel.com\/it\/wp-json\/wp\/v2\/comments?post=2104"}],"version-history":[{"count":0,"href":"https:\/\/shanghaielonghotel.com\/it\/wp-json\/wp\/v2\/pages\/2104\/revisions"}],"wp:attachment":[{"href":"https:\/\/shanghaielonghotel.com\/it\/wp-json\/wp\/v2\/media?parent=2104"}],"curies":[{"name":"parola chiave","href":"https:\/\/api.w.org\/{rel}","templated":true}]}}