{"id":612,"date":"2021-03-26T10:04:13","date_gmt":"2021-03-26T10:04:13","guid":{"rendered":"http:\/\/localhost\/nuss\/?page_id=612"},"modified":"2025-03-27T02:48:57","modified_gmt":"2025-03-27T02:48:57","slug":"restaurant","status":"publish","type":"page","link":"https:\/\/shanghaielonghotel.com\/fr\/restaurant\/","title":{"rendered":"Restaurant"},"content":{"rendered":"<div data-elementor-type=\"wp-page\" data-elementor-id=\"612\" class=\"elementor elementor-612\">\n\t\t\t\t\t\t<section class=\"elementor-section elementor-top-section elementor-element elementor-element-e2effe8 elementor-section-boxed elementor-section-gap-beside-yes elementor-section-height-default elementor-section-height-default elementor-section-column-vertical-align-stretch\" data-id=\"e2effe8\" data-element_type=\"section\" data-e-type=\"section\">\n\t\t\t\t\t\t<div class=\"elementor-container elementor-column-gap-extended\">\n\t\t\t\t\t<div class=\"elementor-column elementor-col-100 elementor-top-column elementor-element elementor-element-e18f688\" data-id=\"e18f688\" data-element_type=\"column\" data-e-type=\"column\">\n\t\t\t<div class=\"elementor-widget-wrap elementor-element-populated\">\n\t\t\t\t\t\t<div class=\"elementor-element elementor-element-6db146d elementor-widget__width-initial elementor-invisible elementor-widget elementor-widget-text-editor\" data-id=\"6db146d\" data-element_type=\"widget\" data-e-type=\"widget\" data-settings=\"{&quot;_animation&quot;:&quot;nussFadeInUp&quot;}\" data-widget_type=\"text-editor.default\">\n\t\t\t\t<div class=\"elementor-widget-container\">\n\t\t\t\t\t\t\t\t\t<p>Nich\u00e9 dans le dynamique Shanghai Elong Hotel, le restaurant sur place propose un voyage culinaire qui allie magistralement <strong>saveurs traditionnelles chinoises<\/strong> avec une sophistication contemporaine. Sp\u00e9cialis\u00e9e dans une gamme diversifi\u00e9e de <strong>plats chinois authentiques<\/strong>, le restaurant est fier d&#039;utiliser des ingr\u00e9dients frais et locaux pour \u00e9laborer des repas qui ravissent \u00e0 la fois le palais et les sens<\/p>\t\t\t\t\t\t\t\t<\/div>\n\t\t\t\t<\/div>\n\t\t\t\t\t<\/div>\n\t\t<\/div>\n\t\t\t\t\t<\/div>\n\t\t<\/section>\n\t\t\t\t<section class=\"elementor-section elementor-top-section elementor-element elementor-element-efdaa11 elementor-section-boxed elementor-section-gap-beside-yes elementor-section-height-default elementor-section-height-default elementor-section-column-vertical-align-stretch\" data-id=\"efdaa11\" data-element_type=\"section\" data-e-type=\"section\">\n\t\t\t\t\t\t<div class=\"elementor-container elementor-column-gap-extended\">\n\t\t\t\t\t<div class=\"elementor-column elementor-col-100 elementor-top-column elementor-element elementor-element-3a1e86a\" data-id=\"3a1e86a\" data-element_type=\"column\" data-e-type=\"column\">\n\t\t\t<div class=\"elementor-widget-wrap elementor-element-populated\">\n\t\t\t\t\t\t<div class=\"elementor-element elementor-element-032b83a bullets-v-align-below elementor-invisible nuss-elementor-loading nuss-slide-in-up elementor-widget elementor-widget-nuss-image-carousel\" data-id=\"032b83a\" data-element_type=\"widget\" data-e-type=\"widget\" data-settings=\"{&quot;_animation&quot;:&quot;nussSlideInUp&quot;}\" data-widget_type=\"nuss-image-carousel.default\">\n\t\t\t\t<div class=\"elementor-widget-container\">\n\t\t\t\t\t\r\n\t\t<div  class=\"nuss-swiper nuss-slider-widget nav-style-03 pagination-style-01 bullets-horizontal bullets-h-align-center bullets-v-align-below\" data-lg-items=\"1\" data-lg-gutter=\"30\" data-nav=\"1\" data-nav-aligned-by=\"slider\" data-pagination-aligned-by=\"slider\" data-pagination=\"1\" data-loop=\"1\" data-simulate-touch=\"1\" data-speed=\"1000\" data-effect=\"slide\">\r\n\t\t\t<div class=\"swiper-inner\">\r\n\r\n\t\t\t\t\r\n\t\t\t\t<div class=\"swiper-container swiper\">\r\n\t\t\t\t\t<div class=\"swiper-wrapper\">\r\n\t\t\t\t\t\t\t\t\t<div class=\"swiper-slide\">\r\n\t\t\t\t<div class=\"image\">\r\n\t\t\t\t\t<img decoding=\"async\"  src=\"https:\/\/shanghaielonghotel.com\/wp-content\/uploads\/2025\/03\/0205u120008ujn50p155E_W_1280_853_R5.webp\" alt=\"0205u120008ujn50p155E_W_1280_853_R5\" \/>\t\t\t\t<\/div>\r\n\t\t\t<\/div>\r\n\t\t\t\t\t\t<div class=\"swiper-slide\">\r\n\t\t\t\t<div class=\"image\">\r\n\t\t\t\t\t<img decoding=\"async\"  src=\"https:\/\/shanghaielonghotel.com\/wp-content\/uploads\/2025\/03\/0205x120008iykyysBB56_W_1280_853_R5.webp\" alt=\"0205x120008iykyysBB56_W_1280_853_R5\" \/>\t\t\t\t<\/div>\r\n\t\t\t<\/div>\r\n\t\t\t\t\t\t<div class=\"swiper-slide\">\r\n\t\t\t\t<div class=\"image\">\r\n\t\t\t\t\t<img decoding=\"async\"  src=\"https:\/\/shanghaielonghotel.com\/wp-content\/uploads\/2025\/03\/02033120008ujmalm6635_W_1280_853_R5.webp\" alt=\"02033120008ujmalm6635_W_1280_853_R5\" \/>\t\t\t\t<\/div>\r\n\t\t\t<\/div>\r\n\t\t\t\t\t\t<div class=\"swiper-slide\">\r\n\t\t\t\t<div class=\"image\">\r\n\t\t\t\t\t<img decoding=\"async\"  src=\"https:\/\/shanghaielonghotel.com\/wp-content\/uploads\/2025\/03\/0200f120008ujn0yd9F84_W_1280_853_R5.webp\" alt=\"0200f120008ujn0yd9F84_W_1280_853_R5\" \/>\t\t\t\t<\/div>\r\n\t\t\t<\/div>\r\n\t\t\t\t\t\t<div class=\"swiper-slide\">\r\n\t\t\t\t<div class=\"image\">\r\n\t\t\t\t\t<img decoding=\"async\"  src=\"https:\/\/shanghaielonghotel.com\/wp-content\/uploads\/2025\/03\/0200q120008ujmvyh8F1F_W_1280_853_R5.webp\" alt=\"0200q120008ujmvyh8F1F_W_1280_853_R5\" \/>\t\t\t\t<\/div>\r\n\t\t\t<\/div>\r\n\t\t\t\t\t\t<div class=\"swiper-slide\">\r\n\t\t\t\t<div class=\"image\">\r\n\t\t\t\t\t<img decoding=\"async\"  src=\"https:\/\/shanghaielonghotel.com\/wp-content\/uploads\/2025\/03\/0201w120008ujn9bc7096_W_1280_853_R5.webp\" alt=\"0201w120008ujn9bc7096_W_1280_853_R5\" \/>\t\t\t\t<\/div>\r\n\t\t\t<\/div>\r\n\t\t\t\t\t\t<div class=\"swiper-slide\">\r\n\t\t\t\t<div class=\"image\">\r\n\t\t\t\t\t<img decoding=\"async\"  src=\"https:\/\/shanghaielonghotel.com\/wp-content\/uploads\/2025\/03\/0202x120008ujn2os3895_W_1280_853_R5.webp\" alt=\"0202x120008ujn2os3895_W_1280_853_R5\" \/>\t\t\t\t<\/div>\r\n\t\t\t<\/div>\r\n\t\t\t\t\t\t<div class=\"swiper-slide\">\r\n\t\t\t\t<div class=\"image\">\r\n\t\t\t\t\t<img decoding=\"async\"  src=\"https:\/\/shanghaielonghotel.com\/wp-content\/uploads\/2025\/03\/02067120008ujn5qlC7F1_W_1280_853_R5.webp\" alt=\"02067120008ujn5qlC7F1_W_1280_853_R5\" \/>\t\t\t\t<\/div>\r\n\t\t\t<\/div>\r\n\t\t\t\t\t\t\t\t<\/div>\r\n\t\t\t\t<\/div>\r\n\r\n\t\t\t\t\r\n\t\t\t<\/div>\r\n\t\t<\/div>\r\n\t\t\t\t\t\t<\/div>\n\t\t\t\t<\/div>\n\t\t\t\t\t<\/div>\n\t\t<\/div>\n\t\t\t\t\t<\/div>\n\t\t<\/section>\n\t\t\t\t<section class=\"elementor-section elementor-top-section elementor-element elementor-element-eaf51e7 elementor-section-boxed elementor-section-gap-beside-yes elementor-section-height-default elementor-section-height-default elementor-section-column-vertical-align-stretch\" data-id=\"eaf51e7\" data-element_type=\"section\" data-e-type=\"section\">\n\t\t\t\t\t\t<div class=\"elementor-container elementor-column-gap-extended\">\n\t\t\t\t\t<div class=\"elementor-column elementor-col-50 elementor-top-column elementor-element elementor-element-a6a1956\" data-id=\"a6a1956\" data-element_type=\"column\" data-e-type=\"column\">\n\t\t\t<div class=\"elementor-widget-wrap elementor-element-populated\">\n\t\t\t\t\t\t<div class=\"elementor-element elementor-element-25ac6f2 elementor-widget elementor-widget-text-editor\" data-id=\"25ac6f2\" data-element_type=\"widget\" data-e-type=\"widget\" data-widget_type=\"text-editor.default\">\n\t\t\t\t<div class=\"elementor-widget-container\">\n\t\t\t\t\t\t\t\t\t<p>L&#039;exp\u00e9rience culinaire est sublim\u00e9e par l&#039;ambiance \u00e9l\u00e9gante et moderne du restaurant, o\u00f9 de grandes baies vitr\u00e9es offrent un aper\u00e7u du paysage urbain dynamique de Shanghai. Les clients peuvent savourer leurs repas dans une atmosph\u00e8re chaleureuse et accueillante, id\u00e9ale pour les d\u00eeners intimes comme pour les r\u00e9unions d\u00e9contract\u00e9es. <strong>personnel attentionn\u00e9<\/strong>, souvent lou\u00e9 pour son hospitalit\u00e9 et son expertise, assure un service impeccable, que vous vous r\u00e9galiez d&#039;un petit-d\u00e9jeuner tranquille ou d&#039;un d\u00eener \u00e0 plusieurs plats.<\/p><p>Au-del\u00e0 de son offre culinaire, l&#039;emplacement strat\u00e9gique du restaurant au sein de l&#039;h\u00f4tel permet aux clients de passer sans effort d&#039;une journ\u00e9e de d\u00e9couverte des quartiers commer\u00e7ants anim\u00e9s de Nanjing Road \u00e0 une soir\u00e9e de d\u00e9tente gastronomique. Fort de son engagement envers la qualit\u00e9 et l&#039;innovation, le restaurant du Shanghai Elong Hotel n&#039;est pas seulement un lieu de restauration\u00a0: c&#039;est une destination qui capture l&#039;essence m\u00eame de la culture culinaire florissante de Shanghai, laissant aux clients des saveurs et des souvenirs inoubliables.<\/p>\t\t\t\t\t\t\t\t<\/div>\n\t\t\t\t<\/div>\n\t\t\t\t\t<\/div>\n\t\t<\/div>\n\t\t\t\t<div class=\"elementor-column elementor-col-50 elementor-top-column elementor-element elementor-element-b9f027f\" data-id=\"b9f027f\" data-element_type=\"column\" data-e-type=\"column\">\n\t\t\t<div class=\"elementor-widget-wrap elementor-element-populated\">\n\t\t\t\t\t\t<div class=\"elementor-element elementor-element-6df2ed1 elementor-widget elementor-widget-image\" data-id=\"6df2ed1\" data-element_type=\"widget\" data-e-type=\"widget\" data-widget_type=\"image.default\">\n\t\t\t\t<div class=\"elementor-widget-container\">\n\t\t\t\t\t\t\t\t\t\t\t\t\t\t\t<img fetchpriority=\"high\" decoding=\"async\" width=\"1024\" height=\"682\" src=\"https:\/\/shanghaielonghotel.com\/wp-content\/uploads\/2025\/03\/0203u120008ujma93A4AC_W_1280_853_R5-1024x682.webp\" class=\"attachment-large size-large wp-image-5585\" alt=\"\" srcset=\"https:\/\/shanghaielonghotel.com\/wp-content\/uploads\/2025\/03\/0203u120008ujma93A4AC_W_1280_853_R5-1024x682.webp 1024w, https:\/\/shanghaielonghotel.com\/wp-content\/uploads\/2025\/03\/0203u120008ujma93A4AC_W_1280_853_R5-300x200.webp 300w, https:\/\/shanghaielonghotel.com\/wp-content\/uploads\/2025\/03\/0203u120008ujma93A4AC_W_1280_853_R5-768x512.webp 768w, https:\/\/shanghaielonghotel.com\/wp-content\/uploads\/2025\/03\/0203u120008ujma93A4AC_W_1280_853_R5.webp 1280w\" sizes=\"(max-width: 1024px) 100vw, 1024px\" \/>\t\t\t\t\t\t\t\t\t\t\t\t\t\t\t<\/div>\n\t\t\t\t<\/div>\n\t\t\t\t\t<\/div>\n\t\t<\/div>\n\t\t\t\t\t<\/div>\n\t\t<\/section>\n\t\t\t\t<section class=\"elementor-section elementor-top-section elementor-element elementor-element-472ee761 elementor-section-stretched elementor-section-boxed elementor-section-gap-beside-yes elementor-section-height-default elementor-section-height-default elementor-section-column-vertical-align-stretch\" data-id=\"472ee761\" data-element_type=\"section\" data-e-type=\"section\" data-settings=\"{&quot;background_background&quot;:&quot;classic&quot;,&quot;stretch_section&quot;:&quot;section-stretched&quot;}\">\n\t\t\t\t\t\t<div class=\"elementor-container elementor-column-gap-extended\">\n\t\t\t\t\t<div class=\"elementor-column elementor-col-100 elementor-top-column elementor-element elementor-element-3b387477\" data-id=\"3b387477\" data-element_type=\"column\" data-e-type=\"column\">\n\t\t\t<div class=\"elementor-widget-wrap elementor-element-populated\">\n\t\t\t\t\t\t<div class=\"elementor-element elementor-element-263588ea elementor-widget elementor-widget-heading\" data-id=\"263588ea\" data-element_type=\"widget\" data-e-type=\"widget\" data-widget_type=\"heading.default\">\n\t\t\t\t<div class=\"elementor-widget-container\">\n\t\t\t\t\t<h2 class=\"elementor-heading-title elementor-size-default\">Ch\u00e8que disponible <\/h2>\t\t\t\t<\/div>\n\t\t\t\t<\/div>\n\t\t\t\t<div class=\"elementor-element elementor-element-692263f7 elementor-widget elementor-widget-text-editor\" data-id=\"692263f7\" data-element_type=\"widget\" data-e-type=\"widget\" data-widget_type=\"text-editor.default\">\n\t\t\t\t<div class=\"elementor-widget-container\">\n\t\t\t\t\t\t\t\t\t<iframe border=\"0\" src=\"https:\/\/www.trip.com\/partners\/ad\/S2520898?Allianceid=5415915&#038;SID=183231315&#038;trip_sub1=\" style=\"width:900px;height:200px\" frameborder=\"0\" scrolling=\"no\" id=\"S2520898\"><\/iframe>\t\t\t\t\t\t\t\t<\/div>\n\t\t\t\t<\/div>\n\t\t\t\t\t<\/div>\n\t\t<\/div>\n\t\t\t\t\t<\/div>\n\t\t<\/section>\n\t\t\t\t<\/div>","protected":false},"excerpt":{"rendered":"<p>Nestled within the vibrant Shanghai Elong Hotel, the on-site restaurant offers a culinary journey that masterfully blends traditional Chinese flavors with contemporary sophistication. Specializing in a diverse array of authentic Chinese dishes, the restaurant prides itself on using fresh, locally sourced ingredients to craft meals that delight both the palate and the senses The dining [&hellip;]<\/p>\n","protected":false},"author":1,"featured_media":0,"parent":0,"menu_order":0,"comment_status":"closed","ping_status":"closed","template":"","meta":{"footnotes":""},"class_list":["post-612","page","type-page","status-publish","hentry","post-no-thumbnail"],"_links":{"self":[{"href":"https:\/\/shanghaielonghotel.com\/fr\/wp-json\/wp\/v2\/pages\/612","targetHints":{"allow":["GET"]}}],"collection":[{"href":"https:\/\/shanghaielonghotel.com\/fr\/wp-json\/wp\/v2\/pages"}],"about":[{"href":"https:\/\/shanghaielonghotel.com\/fr\/wp-json\/wp\/v2\/types\/page"}],"author":[{"embeddable":true,"href":"https:\/\/shanghaielonghotel.com\/fr\/wp-json\/wp\/v2\/users\/1"}],"replies":[{"embeddable":true,"href":"https:\/\/shanghaielonghotel.com\/fr\/wp-json\/wp\/v2\/comments?post=612"}],"version-history":[{"count":0,"href":"https:\/\/shanghaielonghotel.com\/fr\/wp-json\/wp\/v2\/pages\/612\/revisions"}],"wp:attachment":[{"href":"https:\/\/shanghaielonghotel.com\/fr\/wp-json\/wp\/v2\/media?parent=612"}],"curies":[{"name":"wp","href":"https:\/\/api.w.org\/{rel}","templated":true}]}}