{"id":5266,"date":"2021-07-18T08:03:35","date_gmt":"2021-07-18T08:03:35","guid":{"rendered":"https:\/\/nuss.uxper.co\/luxury-resort\/?page_id=5266"},"modified":"2025-03-27T02:45:46","modified_gmt":"2025-03-27T02:45:46","slug":"a-propos-de-nous","status":"publish","type":"page","link":"https:\/\/shanghaielonghotel.com\/fr\/a-propos-de-nous\/","title":{"rendered":"\u00c0 propos de l&#039;h\u00f4tel Elong"},"content":{"rendered":"<div data-elementor-type=\"wp-page\" data-elementor-id=\"5266\" class=\"elementor elementor-5266\">\n\t\t\t\t\t\t<section class=\"elementor-section elementor-top-section elementor-element elementor-element-10416953 elementor-section-boxed elementor-section-gap-beside-yes elementor-section-height-default elementor-section-height-default elementor-section-column-vertical-align-stretch\" data-id=\"10416953\" data-element_type=\"section\" data-e-type=\"section\">\n\t\t\t\t\t\t<div class=\"elementor-container elementor-column-gap-extended\">\n\t\t\t\t\t<div class=\"elementor-column elementor-col-100 elementor-top-column elementor-element elementor-element-29c6aa8\" data-id=\"29c6aa8\" data-element_type=\"column\" data-e-type=\"column\">\n\t\t\t<div class=\"elementor-widget-wrap elementor-element-populated\">\n\t\t\t\t\t\t<div class=\"elementor-element elementor-element-7be18fe7 elementor-widget__width-initial elementor-invisible elementor-widget elementor-widget-text-editor\" data-id=\"7be18fe7\" data-element_type=\"widget\" data-e-type=\"widget\" data-settings=\"{&quot;_animation&quot;:&quot;nussFadeInUp&quot;}\" data-widget_type=\"text-editor.default\">\n\t\t\t\t<div class=\"elementor-widget-container\">\n\t\t\t\t\t\t\t\t\t<p>Nich\u00e9 au c\u0153ur palpitant de Shanghai, le <strong>H\u00f4tel Shanghai Elong<\/strong> se pr\u00e9sente comme un phare de luxe et de commodit\u00e9 moderne, offrant aux voyageurs une retraite urbaine sans pr\u00e9c\u00e9dent.<\/p>\t\t\t\t\t\t\t\t<\/div>\n\t\t\t\t<\/div>\n\t\t\t\t\t<\/div>\n\t\t<\/div>\n\t\t\t\t\t<\/div>\n\t\t<\/section>\n\t\t\t\t<section class=\"elementor-section elementor-top-section elementor-element elementor-element-7d18327f elementor-section-boxed elementor-section-gap-beside-yes elementor-section-height-default elementor-section-height-default elementor-section-column-vertical-align-stretch\" data-id=\"7d18327f\" data-element_type=\"section\" data-e-type=\"section\">\n\t\t\t\t\t\t<div class=\"elementor-container elementor-column-gap-extended\">\n\t\t\t\t\t<div class=\"elementor-column elementor-col-50 elementor-top-column elementor-element elementor-element-56533670\" data-id=\"56533670\" data-element_type=\"column\" data-e-type=\"column\">\n\t\t\t<div class=\"elementor-widget-wrap elementor-element-populated\">\n\t\t\t\t\t\t<div class=\"elementor-element elementor-element-b5574c0 elementor-widget elementor-widget-text-editor\" data-id=\"b5574c0\" data-element_type=\"widget\" data-e-type=\"widget\" data-widget_type=\"text-editor.default\">\n\t\t\t\t<div class=\"elementor-widget-container\">\n\t\t\t\t\t\t\t\t\t<p>Situ\u00e9 sur l&#039;embl\u00e9matique <strong>Rue pi\u00e9tonne Nanjing East Road<\/strong>V\u00e9ritable p\u00f4le culturel, commercial et historique dynamique, l&#039;h\u00f4tel se trouve \u00e0 quelques pas des monuments les plus c\u00e9l\u00e8bres de Shanghai, comme le Bund, la place du Peuple et les quartiers commer\u00e7ants anim\u00e9s qui caract\u00e9risent cette m\u00e9tropole internationale. Son emplacement privil\u00e9gi\u00e9 est renforc\u00e9 par la proximit\u00e9 des stations de m\u00e9tro, assurant un acc\u00e8s facile aux nombreuses attractions de la ville.<\/p>\t\t\t\t\t\t\t\t<\/div>\n\t\t\t\t<\/div>\n\t\t\t\t\t<\/div>\n\t\t<\/div>\n\t\t\t\t<div class=\"elementor-column elementor-col-50 elementor-top-column elementor-element elementor-element-30f14127\" data-id=\"30f14127\" data-element_type=\"column\" data-e-type=\"column\">\n\t\t\t<div class=\"elementor-widget-wrap elementor-element-populated\">\n\t\t\t\t\t\t<div class=\"elementor-element elementor-element-ce9a9f6 elementor-widget elementor-widget-image\" data-id=\"ce9a9f6\" data-element_type=\"widget\" data-e-type=\"widget\" data-widget_type=\"image.default\">\n\t\t\t\t<div class=\"elementor-widget-container\">\n\t\t\t\t\t\t\t\t\t\t\t\t\t\t\t<img fetchpriority=\"high\" decoding=\"async\" width=\"1024\" height=\"729\" src=\"https:\/\/shanghaielonghotel.com\/wp-content\/uploads\/2025\/03\/02002120008pl5mb289C3_W_1280_853_R5-1024x729.jpg\" class=\"attachment-large size-large wp-image-5571\" alt=\"\" srcset=\"https:\/\/shanghaielonghotel.com\/wp-content\/uploads\/2025\/03\/02002120008pl5mb289C3_W_1280_853_R5-1024x729.jpg 1024w, https:\/\/shanghaielonghotel.com\/wp-content\/uploads\/2025\/03\/02002120008pl5mb289C3_W_1280_853_R5-300x213.jpg 300w, https:\/\/shanghaielonghotel.com\/wp-content\/uploads\/2025\/03\/02002120008pl5mb289C3_W_1280_853_R5-768x546.jpg 768w, https:\/\/shanghaielonghotel.com\/wp-content\/uploads\/2025\/03\/02002120008pl5mb289C3_W_1280_853_R5.jpg 1199w\" sizes=\"(max-width: 1024px) 100vw, 1024px\" \/>\t\t\t\t\t\t\t\t\t\t\t\t\t\t\t<\/div>\n\t\t\t\t<\/div>\n\t\t\t\t\t<\/div>\n\t\t<\/div>\n\t\t\t\t\t<\/div>\n\t\t<\/section>\n\t\t\t\t<section class=\"elementor-section elementor-top-section elementor-element elementor-element-29fb8578 elementor-section-height-min-height elementor-section-stretched elementor-section-full_width elementor-section-items-stretch elementor-section-height-default elementor-section-column-vertical-align-stretch\" data-id=\"29fb8578\" data-element_type=\"section\" data-e-type=\"section\" data-settings=\"{&quot;stretch_section&quot;:&quot;section-stretched&quot;}\">\n\t\t\t\t\t\t<div class=\"elementor-container elementor-column-gap-no\">\n\t\t\t\t\t<div class=\"elementor-column elementor-col-50 elementor-top-column elementor-element elementor-element-40ac270b\" data-id=\"40ac270b\" data-element_type=\"column\" data-e-type=\"column\">\n\t\t\t<div class=\"elementor-widget-wrap elementor-element-populated\">\n\t\t\t\t\t\t<div class=\"elementor-element elementor-element-20872773 elementor-widget__width-initial elementor-widget-mobile__width-inherit elementor-invisible nuss-elementor-loading nuss-slide-in-right elementor-widget elementor-widget-image\" data-id=\"20872773\" data-element_type=\"widget\" data-e-type=\"widget\" data-settings=\"{&quot;_animation&quot;:&quot;nussSlideInRight&quot;}\" data-widget_type=\"image.default\">\n\t\t\t\t<div class=\"elementor-widget-container\">\n\t\t\t\t\t\t\t\t\t\t\t\t\t\t\t<img decoding=\"async\" width=\"1280\" height=\"853\" src=\"https:\/\/shanghaielonghotel.com\/wp-content\/uploads\/2025\/03\/02074120008ujofr7911E_W_1280_853_R5.jpg\" class=\"attachment-full size-full wp-image-5553\" alt=\"\" srcset=\"https:\/\/shanghaielonghotel.com\/wp-content\/uploads\/2025\/03\/02074120008ujofr7911E_W_1280_853_R5.jpg 1280w, https:\/\/shanghaielonghotel.com\/wp-content\/uploads\/2025\/03\/02074120008ujofr7911E_W_1280_853_R5-300x200.jpg 300w, https:\/\/shanghaielonghotel.com\/wp-content\/uploads\/2025\/03\/02074120008ujofr7911E_W_1280_853_R5-1024x682.jpg 1024w, https:\/\/shanghaielonghotel.com\/wp-content\/uploads\/2025\/03\/02074120008ujofr7911E_W_1280_853_R5-768x512.jpg 768w\" sizes=\"(max-width: 1280px) 100vw, 1280px\" \/>\t\t\t\t\t\t\t\t\t\t\t\t\t\t\t<\/div>\n\t\t\t\t<\/div>\n\t\t\t\t\t<\/div>\n\t\t<\/div>\n\t\t\t\t<div class=\"elementor-column elementor-col-50 elementor-top-column elementor-element elementor-element-2dac103\" data-id=\"2dac103\" data-element_type=\"column\" data-e-type=\"column\">\n\t\t\t<div class=\"elementor-widget-wrap elementor-element-populated\">\n\t\t\t\t\t\t<div class=\"elementor-element elementor-element-7df0054f elementor-invisible elementor-widget elementor-widget-nuss-heading\" data-id=\"7df0054f\" data-element_type=\"widget\" data-e-type=\"widget\" data-settings=\"{&quot;_animation&quot;:&quot;nussFadeInUp&quot;}\" data-widget_type=\"nuss-heading.default\">\n\t\t\t\t<div class=\"elementor-widget-container\">\n\t\t\t\t\t\t\t<div class=\"nuss-modern-heading\">\r\n\t\t\t\r\n\t\t\t\t\t\t<div class=\"heading-primary-wrap\">\r\n\t\t\t\t<h4 class=\"heading-primary elementor-heading-title\">Les chambres<\/h4>\t\t\t<\/div>\r\n\t\t\r\n\t\t\t\t\t\t<div class=\"heading-divider-wrap\">\r\n\t\t\t\t<div class=\"heading-divider\" style=\"left: 0px;top: 6px\"><\/div>\r\n\t\t\t<\/div>\r\n\t\r\n\t\t\t\t\t<\/div>\r\n\t\t\t\t\t<\/div>\n\t\t\t\t<\/div>\n\t\t\t\t<div class=\"elementor-element elementor-element-6f1b8966 elementor-invisible elementor-widget elementor-widget-text-editor\" data-id=\"6f1b8966\" data-element_type=\"widget\" data-e-type=\"widget\" data-settings=\"{&quot;_animation&quot;:&quot;nussFadeInUp&quot;}\" data-widget_type=\"text-editor.default\">\n\t\t\t\t<div class=\"elementor-widget-container\">\n\t\t\t\t\t\t\t\t\t<p>Con\u00e7u pour les voyageurs d&#039;affaires comme pour les voyageurs d&#039;agr\u00e9ment, l&#039;h\u00f4tel allie une esth\u00e9tique contemporaine et \u00e9pur\u00e9e \u00e0 des \u00e9quipements bien pens\u00e9s. Spacieuses et bien am\u00e9nag\u00e9es, les chambres offrent un v\u00e9ritable havre de confort, avec une literie moelleuse, un mobilier moderne et une vue panoramique sur la ville, captivant le dynamisme de Shanghai. Outre les chambres, les clients peuvent profiter de nombreuses installations\u00a0: un spa revitalisant pour se d\u00e9tendre apr\u00e8s une journ\u00e9e de d\u00e9couverte, un centre de fitness ultramoderne pour les amateurs de bien-\u00eatre et un restaurant sur place proposant une d\u00e9licieuse cuisine locale et internationale, dont un petit-d\u00e9jeuner salu\u00e9 par les visiteurs comme \u00ab\u00a0d\u00e9licieux\u00a0\u00bb et m\u00e9morable.<\/p>\t\t\t\t\t\t\t\t<\/div>\n\t\t\t\t<\/div>\n\t\t\t\t\t<\/div>\n\t\t<\/div>\n\t\t\t\t\t<\/div>\n\t\t<\/section>\n\t\t\t\t<section class=\"elementor-section elementor-top-section elementor-element elementor-element-95d1149 elementor-section-height-min-height elementor-section-stretched elementor-section-full_width elementor-section-items-stretch elementor-section-height-default elementor-section-column-vertical-align-stretch\" data-id=\"95d1149\" data-element_type=\"section\" data-e-type=\"section\" data-settings=\"{&quot;stretch_section&quot;:&quot;section-stretched&quot;}\">\n\t\t\t\t\t\t<div class=\"elementor-container elementor-column-gap-no\">\n\t\t\t\t\t<div class=\"elementor-column elementor-col-50 elementor-top-column elementor-element elementor-element-ef6bab8\" data-id=\"ef6bab8\" data-element_type=\"column\" data-e-type=\"column\">\n\t\t\t<div class=\"elementor-widget-wrap elementor-element-populated\">\n\t\t\t\t\t\t<div class=\"elementor-element elementor-element-ce237bd elementor-invisible elementor-widget elementor-widget-nuss-heading\" data-id=\"ce237bd\" data-element_type=\"widget\" data-e-type=\"widget\" data-settings=\"{&quot;_animation&quot;:&quot;nussFadeInUp&quot;}\" data-widget_type=\"nuss-heading.default\">\n\t\t\t\t<div class=\"elementor-widget-container\">\n\t\t\t\t\t\t\t<div class=\"nuss-modern-heading\">\r\n\t\t\t\r\n\t\t\t\t\t\t<div class=\"heading-primary-wrap\">\r\n\t\t\t\t<h4 class=\"heading-primary elementor-heading-title\">Les services<\/h4>\t\t\t<\/div>\r\n\t\t\r\n\t\t\t\t\t\t<div class=\"heading-divider-wrap\">\r\n\t\t\t\t<div class=\"heading-divider\" style=\"left: 0px;top: 6px\"><\/div>\r\n\t\t\t<\/div>\r\n\t\r\n\t\t\t\t\t<\/div>\r\n\t\t\t\t\t<\/div>\n\t\t\t\t<\/div>\n\t\t\t\t<div class=\"elementor-element elementor-element-b633c6d elementor-invisible elementor-widget elementor-widget-text-editor\" data-id=\"b633c6d\" data-element_type=\"widget\" data-e-type=\"widget\" data-settings=\"{&quot;_animation&quot;:&quot;nussFadeInUp&quot;}\" data-widget_type=\"text-editor.default\">\n\t\t\t\t<div class=\"elementor-widget-container\">\n\t\t\t\t\t\t\t\t\t<p>Ce qui distingue v\u00e9ritablement l&#039;h\u00f4tel Shanghai Elong, c&#039;est son engagement envers un service exceptionnel. Les avis soulignent r\u00e9guli\u00e8rement <strong>personnel de la r\u00e9ception sympathique<\/strong>, dont l&#039;attention et le multilinguisme garantissent un enregistrement fluide et des recommandations personnalis\u00e9es pour explorer la ville. La r\u00e9putation de l&#039;h\u00f4tel pour sa propret\u00e9, son efficacit\u00e9 et ses \u00e9quipements modernes lui a valu d&#039;\u00eatre reconnu comme l&#039;un des meilleurs choix de Shanghai aupr\u00e8s des visiteurs r\u00e9guliers, dont beaucoup appr\u00e9cient ses \u00ab\u00a0\u00e9quipements exceptionnels\u00a0\u00bb et son emplacement id\u00e9al pour faire du shopping.<\/p>\t\t\t\t\t\t\t\t<\/div>\n\t\t\t\t<\/div>\n\t\t\t\t\t<\/div>\n\t\t<\/div>\n\t\t\t\t<div class=\"elementor-column elementor-col-50 elementor-top-column elementor-element elementor-element-e4647d7\" data-id=\"e4647d7\" data-element_type=\"column\" data-e-type=\"column\">\n\t\t\t<div class=\"elementor-widget-wrap elementor-element-populated\">\n\t\t\t\t\t\t<div class=\"elementor-element elementor-element-954f03d elementor-widget__width-initial elementor-widget-mobile__width-inherit elementor-invisible nuss-elementor-loading nuss-slide-in-right elementor-widget elementor-widget-image\" data-id=\"954f03d\" data-element_type=\"widget\" data-e-type=\"widget\" data-settings=\"{&quot;_animation&quot;:&quot;nussSlideInRight&quot;}\" data-widget_type=\"image.default\">\n\t\t\t\t<div class=\"elementor-widget-container\">\n\t\t\t\t\t\t\t\t\t\t\t\t\t\t\t<img decoding=\"async\" width=\"1280\" height=\"842\" src=\"https:\/\/shanghaielonghotel.com\/wp-content\/uploads\/2025\/03\/02041120008k869h53531_W_1280_853_R5-1.jpg\" class=\"attachment-full size-full wp-image-5578\" alt=\"\" srcset=\"https:\/\/shanghaielonghotel.com\/wp-content\/uploads\/2025\/03\/02041120008k869h53531_W_1280_853_R5-1.jpg 1280w, https:\/\/shanghaielonghotel.com\/wp-content\/uploads\/2025\/03\/02041120008k869h53531_W_1280_853_R5-1-300x197.jpg 300w, https:\/\/shanghaielonghotel.com\/wp-content\/uploads\/2025\/03\/02041120008k869h53531_W_1280_853_R5-1-1024x674.jpg 1024w, https:\/\/shanghaielonghotel.com\/wp-content\/uploads\/2025\/03\/02041120008k869h53531_W_1280_853_R5-1-768x505.jpg 768w\" sizes=\"(max-width: 1280px) 100vw, 1280px\" \/>\t\t\t\t\t\t\t\t\t\t\t\t\t\t\t<\/div>\n\t\t\t\t<\/div>\n\t\t\t\t\t<\/div>\n\t\t<\/div>\n\t\t\t\t\t<\/div>\n\t\t<\/section>\n\t\t\t\t<section class=\"elementor-section elementor-top-section elementor-element elementor-element-111483b elementor-section-height-min-height elementor-section-stretched elementor-section-full_width elementor-section-items-stretch elementor-section-height-default elementor-section-column-vertical-align-stretch\" data-id=\"111483b\" data-element_type=\"section\" data-e-type=\"section\" data-settings=\"{&quot;stretch_section&quot;:&quot;section-stretched&quot;}\">\n\t\t\t\t\t\t<div class=\"elementor-container elementor-column-gap-no\">\n\t\t\t\t\t<div class=\"elementor-column elementor-col-50 elementor-top-column elementor-element elementor-element-aaadfc7\" data-id=\"aaadfc7\" data-element_type=\"column\" data-e-type=\"column\">\n\t\t\t<div class=\"elementor-widget-wrap elementor-element-populated\">\n\t\t\t\t\t\t<div class=\"elementor-element elementor-element-7be9414 elementor-widget__width-initial elementor-widget-mobile__width-inherit elementor-invisible nuss-elementor-loading nuss-slide-in-right elementor-widget elementor-widget-image\" data-id=\"7be9414\" data-element_type=\"widget\" data-e-type=\"widget\" data-settings=\"{&quot;_animation&quot;:&quot;nussSlideInRight&quot;}\" data-widget_type=\"image.default\">\n\t\t\t\t<div class=\"elementor-widget-container\">\n\t\t\t\t\t\t\t\t\t\t\t\t\t\t\t<img loading=\"lazy\" decoding=\"async\" width=\"1254\" height=\"853\" src=\"https:\/\/shanghaielonghotel.com\/wp-content\/uploads\/2025\/03\/0205u120008ujn50p155E_W_1280_853_R5.jpg\" class=\"attachment-full size-full wp-image-5579\" alt=\"\" srcset=\"https:\/\/shanghaielonghotel.com\/wp-content\/uploads\/2025\/03\/0205u120008ujn50p155E_W_1280_853_R5.jpg 1254w, https:\/\/shanghaielonghotel.com\/wp-content\/uploads\/2025\/03\/0205u120008ujn50p155E_W_1280_853_R5-300x204.jpg 300w, https:\/\/shanghaielonghotel.com\/wp-content\/uploads\/2025\/03\/0205u120008ujn50p155E_W_1280_853_R5-1024x697.jpg 1024w, https:\/\/shanghaielonghotel.com\/wp-content\/uploads\/2025\/03\/0205u120008ujn50p155E_W_1280_853_R5-768x522.jpg 768w\" sizes=\"(max-width: 1254px) 100vw, 1254px\" \/>\t\t\t\t\t\t\t\t\t\t\t\t\t\t\t<\/div>\n\t\t\t\t<\/div>\n\t\t\t\t\t<\/div>\n\t\t<\/div>\n\t\t\t\t<div class=\"elementor-column elementor-col-50 elementor-top-column elementor-element elementor-element-8e0b7b3\" data-id=\"8e0b7b3\" data-element_type=\"column\" data-e-type=\"column\">\n\t\t\t<div class=\"elementor-widget-wrap elementor-element-populated\">\n\t\t\t\t\t\t<div class=\"elementor-element elementor-element-ad59eca elementor-invisible elementor-widget elementor-widget-nuss-heading\" data-id=\"ad59eca\" data-element_type=\"widget\" data-e-type=\"widget\" data-settings=\"{&quot;_animation&quot;:&quot;nussFadeInUp&quot;}\" data-widget_type=\"nuss-heading.default\">\n\t\t\t\t<div class=\"elementor-widget-container\">\n\t\t\t\t\t\t\t<div class=\"nuss-modern-heading\">\r\n\t\t\t\r\n\t\t\t\t\t\t<div class=\"heading-primary-wrap\">\r\n\t\t\t\t<h4 class=\"heading-primary elementor-heading-title\">L&#039;h\u00f4tel<\/h4>\t\t\t<\/div>\r\n\t\t\r\n\t\t\t\t\t\t<div class=\"heading-divider-wrap\">\r\n\t\t\t\t<div class=\"heading-divider\" style=\"left: 0px;top: 6px\"><\/div>\r\n\t\t\t<\/div>\r\n\t\r\n\t\t\t\t\t<\/div>\r\n\t\t\t\t\t<\/div>\n\t\t\t\t<\/div>\n\t\t\t\t<div class=\"elementor-element elementor-element-6644648 elementor-invisible elementor-widget elementor-widget-text-editor\" data-id=\"6644648\" data-element_type=\"widget\" data-e-type=\"widget\" data-settings=\"{&quot;_animation&quot;:&quot;nussFadeInUp&quot;}\" data-widget_type=\"text-editor.default\">\n\t\t\t\t<div class=\"elementor-widget-container\">\n\t\t\t\t\t\t\t\t\t<p>Que vous savouriez un caf\u00e9 parfaitement pr\u00e9par\u00e9 dans le salon du hall, que vous vous promeniez dans les ruelles historiques \u00e0 proximit\u00e9 ou que vous profitiez des services d&#039;affaires de l&#039;h\u00f4tel, le Shanghai Elong Hotel vous promet un s\u00e9jour qui harmonise l&#039;\u00e9nergie cosmopolite avec la sophistication tranquille, un v\u00e9ritable reflet de l&#039;esprit de Shanghai.<\/p>\t\t\t\t\t\t\t\t<\/div>\n\t\t\t\t<\/div>\n\t\t\t\t\t<\/div>\n\t\t<\/div>\n\t\t\t\t\t<\/div>\n\t\t<\/section>\n\t\t\t\t<section class=\"elementor-section elementor-top-section elementor-element elementor-element-2092b7d0 elementor-section-stretched elementor-section-boxed elementor-section-gap-beside-yes elementor-section-height-default elementor-section-height-default elementor-section-column-vertical-align-stretch\" data-id=\"2092b7d0\" data-element_type=\"section\" data-e-type=\"section\" data-settings=\"{&quot;background_background&quot;:&quot;classic&quot;,&quot;stretch_section&quot;:&quot;section-stretched&quot;}\">\n\t\t\t\t\t\t<div class=\"elementor-container elementor-column-gap-extended\">\n\t\t\t\t\t<div class=\"elementor-column elementor-col-100 elementor-top-column elementor-element elementor-element-be69d75\" data-id=\"be69d75\" data-element_type=\"column\" data-e-type=\"column\">\n\t\t\t<div class=\"elementor-widget-wrap elementor-element-populated\">\n\t\t\t\t\t\t<div class=\"elementor-element elementor-element-b22036f elementor-widget elementor-widget-heading\" data-id=\"b22036f\" data-element_type=\"widget\" data-e-type=\"widget\" data-widget_type=\"heading.default\">\n\t\t\t\t<div class=\"elementor-widget-container\">\n\t\t\t\t\t<h2 class=\"elementor-heading-title elementor-size-default\">Ch\u00e8que disponible <\/h2>\t\t\t\t<\/div>\n\t\t\t\t<\/div>\n\t\t\t\t<div class=\"elementor-element elementor-element-8320aaf elementor-widget elementor-widget-text-editor\" data-id=\"8320aaf\" data-element_type=\"widget\" data-e-type=\"widget\" data-widget_type=\"text-editor.default\">\n\t\t\t\t<div class=\"elementor-widget-container\">\n\t\t\t\t\t\t\t\t\t<iframe border=\"0\" src=\"https:\/\/www.trip.com\/partners\/ad\/S2520898?Allianceid=5415915&#038;SID=183231315&#038;trip_sub1=\" style=\"width:900px;height:200px\" frameborder=\"0\" scrolling=\"no\" id=\"S2520898\"><\/iframe>\t\t\t\t\t\t\t\t<\/div>\n\t\t\t\t<\/div>\n\t\t\t\t\t<\/div>\n\t\t<\/div>\n\t\t\t\t\t<\/div>\n\t\t<\/section>\n\t\t\t\t<\/div>","protected":false},"excerpt":{"rendered":"<p>Nestled in the pulsating heart of Shanghai, the Shanghai Elong Hotel stands as a beacon of modern luxury and convenience, offering travelers an unparalleled urban retreat. Situated on the iconic Nanjing East Road pedestrian street\u2014a vibrant hub of culture, commerce, and history\u2014the hotel places guests just steps away from Shanghai\u2019s most celebrated landmarks, including the [&hellip;]<\/p>\n","protected":false},"author":1,"featured_media":0,"parent":0,"menu_order":0,"comment_status":"closed","ping_status":"closed","template":"","meta":{"footnotes":""},"class_list":["post-5266","page","type-page","status-publish","hentry","post-no-thumbnail"],"_links":{"self":[{"href":"https:\/\/shanghaielonghotel.com\/fr\/wp-json\/wp\/v2\/pages\/5266","targetHints":{"allow":["GET"]}}],"collection":[{"href":"https:\/\/shanghaielonghotel.com\/fr\/wp-json\/wp\/v2\/pages"}],"about":[{"href":"https:\/\/shanghaielonghotel.com\/fr\/wp-json\/wp\/v2\/types\/page"}],"author":[{"embeddable":true,"href":"https:\/\/shanghaielonghotel.com\/fr\/wp-json\/wp\/v2\/users\/1"}],"replies":[{"embeddable":true,"href":"https:\/\/shanghaielonghotel.com\/fr\/wp-json\/wp\/v2\/comments?post=5266"}],"version-history":[{"count":0,"href":"https:\/\/shanghaielonghotel.com\/fr\/wp-json\/wp\/v2\/pages\/5266\/revisions"}],"wp:attachment":[{"href":"https:\/\/shanghaielonghotel.com\/fr\/wp-json\/wp\/v2\/media?parent=5266"}],"curies":[{"name":"wp","href":"https:\/\/api.w.org\/{rel}","templated":true}]}}