{"id":2109,"date":"2021-03-26T08:35:58","date_gmt":"2021-03-26T08:35:58","guid":{"rendered":"http:\/\/localhost\/nuss\/?page_id=536"},"modified":"2025-03-27T08:22:11","modified_gmt":"2025-03-27T08:22:11","slug":"salle-de-reunion","status":"publish","type":"page","link":"https:\/\/shanghaielonghotel.com\/fr\/salle-de-reunion\/","title":{"rendered":"Salle de r\u00e9union"},"content":{"rendered":"<div data-elementor-type=\"wp-page\" data-elementor-id=\"2109\" class=\"elementor elementor-2109\">\n\t\t\t\t\t\t<section class=\"elementor-section elementor-top-section elementor-element elementor-element-bb2901b elementor-section-boxed elementor-section-gap-beside-yes elementor-section-height-default elementor-section-height-default elementor-section-column-vertical-align-stretch\" data-id=\"bb2901b\" data-element_type=\"section\" data-e-type=\"section\">\n\t\t\t\t\t\t<div class=\"elementor-container elementor-column-gap-extended\">\n\t\t\t\t\t<div class=\"elementor-column elementor-col-100 elementor-top-column elementor-element elementor-element-1919db9\" data-id=\"1919db9\" data-element_type=\"column\" data-e-type=\"column\">\n\t\t\t<div class=\"elementor-widget-wrap elementor-element-populated\">\n\t\t\t\t\t\t<div class=\"elementor-element elementor-element-41a7b9c elementor-widget__width-initial elementor-invisible elementor-widget elementor-widget-text-editor\" data-id=\"41a7b9c\" data-element_type=\"widget\" data-e-type=\"widget\" data-settings=\"{&quot;_animation&quot;:&quot;nussFadeInUp&quot;}\" data-widget_type=\"text-editor.default\">\n\t\t\t\t<div class=\"elementor-widget-container\">\n\t\t\t\t\t\t\t\t\t<p>Le <strong>Service de salle de r\u00e9union \u00e0 l\u2019h\u00f4tel Shanghai Elong<\/strong> red\u00e9finit l&#039;art de l&#039;hospitalit\u00e9 d&#039;entreprise en alliant harmonieusement installations de pointe, commodit\u00e9 strat\u00e9gique et service sur mesure, adapt\u00e9 aux besoins des entreprises modernes. Nich\u00e9 au c\u0153ur de Shanghai, cet \u00e9tablissement 4 \u00e9toiles se positionne comme un lieu de rencontre pour les professionnels locaux et internationaux, \u00e0 proximit\u00e9 des principaux p\u00f4les de transit comme la gare de Shanghai (4 km) et l&#039;a\u00e9roport international de Shanghai Hongqiao (15 km). Cette accessibilit\u00e9 permet aux d\u00e9l\u00e9gu\u00e9s et aux \u00e9quipes de passer facilement du voyage \u00e0 la productivit\u00e9.<\/p>\t\t\t\t\t\t\t\t<\/div>\n\t\t\t\t<\/div>\n\t\t\t\t\t<\/div>\n\t\t<\/div>\n\t\t\t\t\t<\/div>\n\t\t<\/section>\n\t\t\t\t<section class=\"elementor-section elementor-top-section elementor-element elementor-element-fad87ed elementor-section-boxed elementor-section-gap-beside-yes elementor-section-height-default elementor-section-height-default elementor-section-column-vertical-align-stretch\" data-id=\"fad87ed\" data-element_type=\"section\" data-e-type=\"section\">\n\t\t\t\t\t\t<div class=\"elementor-container elementor-column-gap-extended\">\n\t\t\t\t\t<div class=\"elementor-column elementor-col-50 elementor-top-column elementor-element elementor-element-9b3c6b5\" data-id=\"9b3c6b5\" data-element_type=\"column\" data-e-type=\"column\">\n\t\t\t<div class=\"elementor-widget-wrap elementor-element-populated\">\n\t\t\t\t\t\t<div class=\"elementor-element elementor-element-ce91d58 elementor-invisible nuss-elementor-loading nuss-slide-in-right elementor-widget elementor-widget-image\" data-id=\"ce91d58\" data-element_type=\"widget\" data-e-type=\"widget\" data-settings=\"{&quot;_animation&quot;:&quot;nussSlideInRight&quot;}\" data-widget_type=\"image.default\">\n\t\t\t\t<div class=\"elementor-widget-container\">\n\t\t\t\t\t\t\t\t\t\t\t\t\t\t\t<img fetchpriority=\"high\" decoding=\"async\" width=\"1280\" height=\"853\" src=\"https:\/\/shanghaielonghotel.com\/wp-content\/uploads\/2025\/03\/0201e120008iwbjt8BBC0_W_1280_853_R5.webp\" class=\"attachment-full size-full wp-image-5655\" alt=\"\" srcset=\"https:\/\/shanghaielonghotel.com\/wp-content\/uploads\/2025\/03\/0201e120008iwbjt8BBC0_W_1280_853_R5.webp 1280w, https:\/\/shanghaielonghotel.com\/wp-content\/uploads\/2025\/03\/0201e120008iwbjt8BBC0_W_1280_853_R5-300x200.webp 300w, https:\/\/shanghaielonghotel.com\/wp-content\/uploads\/2025\/03\/0201e120008iwbjt8BBC0_W_1280_853_R5-1024x682.webp 1024w, https:\/\/shanghaielonghotel.com\/wp-content\/uploads\/2025\/03\/0201e120008iwbjt8BBC0_W_1280_853_R5-768x512.webp 768w\" sizes=\"(max-width: 1280px) 100vw, 1280px\" \/>\t\t\t\t\t\t\t\t\t\t\t\t\t\t\t<\/div>\n\t\t\t\t<\/div>\n\t\t\t\t\t<\/div>\n\t\t<\/div>\n\t\t\t\t<div class=\"elementor-column elementor-col-50 elementor-top-column elementor-element elementor-element-27e1142\" data-id=\"27e1142\" data-element_type=\"column\" data-e-type=\"column\">\n\t\t\t<div class=\"elementor-widget-wrap elementor-element-populated\">\n\t\t\t\t\t\t<div class=\"elementor-element elementor-element-46af239 elementor-invisible elementor-widget elementor-widget-text-editor\" data-id=\"46af239\" data-element_type=\"widget\" data-e-type=\"widget\" data-settings=\"{&quot;_animation&quot;:&quot;nussFadeInUp&quot;}\" data-widget_type=\"text-editor.default\">\n\t\t\t\t<div class=\"elementor-widget-container\">\n\t\t\t\t\t\t\t\t\t<p>L&#039;h\u00f4tel <strong>espaces de r\u00e9union multifonctionnels<\/strong>, comprenant des salles de conf\u00e9rence d\u00e9di\u00e9es et des centres d&#039;affaires modulables, s&#039;adaptent \u00e0 divers formats d&#039;\u00e9v\u00e9nements, des discussions de conseil d&#039;administration \u00e0 enjeux \u00e9lev\u00e9s aux ateliers collaboratifs. Les salles sont \u00e9quip\u00e9es de technologies audiovisuelles de pointe et du Wi-Fi haut d\u00e9bit, garantissant des pr\u00e9sentations fluides et des collaborations virtuelles. L&#039;h\u00f4tel Shanghai Elong se distingue par son alliance entre praticit\u00e9 et cr\u00e9ativit\u00e9\u00a0: certains espaces de r\u00e9union sont agr\u00e9ment\u00e9s d&#039;am\u00e9nagements th\u00e9matiques, comme le bar sur le th\u00e8me des motos Harley, offrant des environnements atypiques et inspirants pour le networking ou les s\u00e9ances de brainstorming.<\/p><p>Au-del\u00e0 des infrastructures, l&#039;h\u00f4tel privil\u00e9gie <strong>confort et sophistication<\/strong>, avec chauffage au sol, sanitaires Duravit et literie haut de gamme pour une atmosph\u00e8re propice \u00e0 la concentration et \u00e0 la d\u00e9tente. Pour les grands rassemblements, la salle de conf\u00e9rence accueille des \u00e9v\u00e9nements d&#039;entreprise structur\u00e9s, tandis que des salles de sous-commission plus petites favorisent les \u00e9changes en toute intimit\u00e9. Une \u00e9quipe d\u00e9di\u00e9e propose des services personnalis\u00e9s, incluant la coordination de la restauration et l&#039;assistance technique, garantissant ainsi le respect des normes professionnelles.<\/p>\t\t\t\t\t\t\t\t<\/div>\n\t\t\t\t<\/div>\n\t\t\t\t\t<\/div>\n\t\t<\/div>\n\t\t\t\t\t<\/div>\n\t\t<\/section>\n\t\t\t\t<section class=\"elementor-section elementor-top-section elementor-element elementor-element-284abc37 elementor-section-stretched elementor-section-boxed elementor-section-gap-beside-yes elementor-section-height-default elementor-section-height-default elementor-section-column-vertical-align-stretch\" data-id=\"284abc37\" data-element_type=\"section\" data-e-type=\"section\" data-settings=\"{&quot;background_background&quot;:&quot;classic&quot;,&quot;stretch_section&quot;:&quot;section-stretched&quot;}\">\n\t\t\t\t\t\t<div class=\"elementor-container elementor-column-gap-extended\">\n\t\t\t\t\t<div class=\"elementor-column elementor-col-100 elementor-top-column elementor-element elementor-element-75d49426\" data-id=\"75d49426\" data-element_type=\"column\" data-e-type=\"column\">\n\t\t\t<div class=\"elementor-widget-wrap elementor-element-populated\">\n\t\t\t\t\t\t<div class=\"elementor-element elementor-element-3b21dcd8 elementor-widget elementor-widget-heading\" data-id=\"3b21dcd8\" data-element_type=\"widget\" data-e-type=\"widget\" data-widget_type=\"heading.default\">\n\t\t\t\t<div class=\"elementor-widget-container\">\n\t\t\t\t\t<h2 class=\"elementor-heading-title elementor-size-default\">Ch\u00e8que disponible <\/h2>\t\t\t\t<\/div>\n\t\t\t\t<\/div>\n\t\t\t\t<div class=\"elementor-element elementor-element-6d3b59cd elementor-widget elementor-widget-text-editor\" data-id=\"6d3b59cd\" data-element_type=\"widget\" data-e-type=\"widget\" data-widget_type=\"text-editor.default\">\n\t\t\t\t<div class=\"elementor-widget-container\">\n\t\t\t\t\t\t\t\t\t<iframe border=\"0\" src=\"https:\/\/www.trip.com\/partners\/ad\/S2520898?Allianceid=5415915&#038;SID=183231315&#038;trip_sub1=\" style=\"width:900px;height:200px\" frameborder=\"0\" scrolling=\"no\" id=\"S2520898\"><\/iframe>\t\t\t\t\t\t\t\t<\/div>\n\t\t\t\t<\/div>\n\t\t\t\t\t<\/div>\n\t\t<\/div>\n\t\t\t\t\t<\/div>\n\t\t<\/section>\n\t\t\t\t<\/div>","protected":false},"excerpt":{"rendered":"<p>The Meeting Room Service at Shanghai Elong Hotel redefines the art of corporate hospitality by seamlessly blending state-of-the-art facilities, strategic convenience, and bespoke service tailored to modern business needs. Nestled in the heart of Shanghai, this 4-star establishment positions itself as a hub for both local and international professionals, offering proximity to major transit hubs [&hellip;]<\/p>\n","protected":false},"author":1,"featured_media":0,"parent":0,"menu_order":0,"comment_status":"closed","ping_status":"closed","template":"","meta":{"footnotes":""},"class_list":["post-2109","page","type-page","status-publish","hentry","post-no-thumbnail"],"_links":{"self":[{"href":"https:\/\/shanghaielonghotel.com\/fr\/wp-json\/wp\/v2\/pages\/2109","targetHints":{"allow":["GET"]}}],"collection":[{"href":"https:\/\/shanghaielonghotel.com\/fr\/wp-json\/wp\/v2\/pages"}],"about":[{"href":"https:\/\/shanghaielonghotel.com\/fr\/wp-json\/wp\/v2\/types\/page"}],"author":[{"embeddable":true,"href":"https:\/\/shanghaielonghotel.com\/fr\/wp-json\/wp\/v2\/users\/1"}],"replies":[{"embeddable":true,"href":"https:\/\/shanghaielonghotel.com\/fr\/wp-json\/wp\/v2\/comments?post=2109"}],"version-history":[{"count":0,"href":"https:\/\/shanghaielonghotel.com\/fr\/wp-json\/wp\/v2\/pages\/2109\/revisions"}],"wp:attachment":[{"href":"https:\/\/shanghaielonghotel.com\/fr\/wp-json\/wp\/v2\/media?parent=2109"}],"curies":[{"name":"wp","href":"https:\/\/api.w.org\/{rel}","templated":true}]}}