{"id":2106,"date":"2021-03-25T04:08:26","date_gmt":"2021-03-25T04:08:26","guid":{"rendered":"http:\/\/localhost\/nuss\/?page_id=298"},"modified":"2025-03-27T08:02:07","modified_gmt":"2025-03-27T08:02:07","slug":"experiencias","status":"publish","type":"page","link":"https:\/\/shanghaielonghotel.com\/es\/experiencias\/","title":{"rendered":"Experiencias"},"content":{"rendered":"<div data-elementor-type=\"wp-page\" data-elementor-id=\"2106\" class=\"elementor elementor-2106\">\n\t\t\t\t\t\t<section class=\"elementor-section elementor-top-section elementor-element elementor-element-1954ffc elementor-section-boxed elementor-section-gap-beside-yes elementor-section-height-default elementor-section-height-default elementor-section-column-vertical-align-stretch\" data-id=\"1954ffc\" data-element_type=\"section\" data-e-type=\"section\">\n\t\t\t\t\t\t<div class=\"elementor-container elementor-column-gap-extended\">\n\t\t\t\t\t<div class=\"elementor-column elementor-col-100 elementor-top-column elementor-element elementor-element-86aebc5\" data-id=\"86aebc5\" data-element_type=\"column\" data-e-type=\"column\">\n\t\t\t<div class=\"elementor-widget-wrap elementor-element-populated\">\n\t\t\t\t\t\t<div class=\"elementor-element elementor-element-11803d1 elementor-widget__width-initial elementor-invisible elementor-widget elementor-widget-text-editor\" data-id=\"11803d1\" data-element_type=\"widget\" data-e-type=\"widget\" data-settings=\"{&quot;_animation&quot;:&quot;nussFadeInUp&quot;}\" data-widget_type=\"text-editor.default\">\n\t\t\t\t<div class=\"elementor-widget-container\">\n\t\t\t\t\t\t\t\t\t<p>Ubicado en el coraz\u00f3n del bullicioso paisaje urbano de Shangh\u00e1i, el <strong>Hotel Elong de Shangh\u00e1i<\/strong> se ha convertido en un im\u00e1n para trotamundos que buscan comodidad e inmersi\u00f3n cultural. Los viajeros elogian constantemente su <strong>ubicaci\u00f3n privilegiada<\/strong> En la calle Nanjing, a pocos pasos de la vibrante calle peatonal Nanjing \u2014un para\u00edso tanto para compradores como para amantes de la historia\u2014 y a un corto paseo de lugares emblem\u00e1ticos como el Bund. Esta ubicaci\u00f3n estrat\u00e9gica permite a los hu\u00e9spedes sumergirse sin esfuerzo en la vibrante energ\u00eda de Shangh\u00e1i mientras se refugian en un oasis de serenidad al final del d\u00eda.<\/p>\t\t\t\t\t\t\t\t<\/div>\n\t\t\t\t<\/div>\n\t\t\t\t\t<\/div>\n\t\t<\/div>\n\t\t\t\t\t<\/div>\n\t\t<\/section>\n\t\t\t\t<section class=\"elementor-section elementor-top-section elementor-element elementor-element-b2344ff elementor-section-gap-beside-no elementor-section-boxed elementor-section-height-default elementor-section-height-default elementor-section-column-vertical-align-stretch\" data-id=\"b2344ff\" data-element_type=\"section\" data-e-type=\"section\">\n\t\t\t\t\t\t<div class=\"elementor-container elementor-column-gap-extended\">\n\t\t\t\t\t<div class=\"elementor-column elementor-col-50 elementor-top-column elementor-element elementor-element-4698ec8\" data-id=\"4698ec8\" data-element_type=\"column\" data-e-type=\"column\">\n\t\t\t<div class=\"elementor-widget-wrap elementor-element-populated\">\n\t\t\t\t\t\t<div class=\"elementor-element elementor-element-88e5290 elementor-invisible nuss-elementor-loading nuss-slide-in-right elementor-widget elementor-widget-image\" data-id=\"88e5290\" data-element_type=\"widget\" data-e-type=\"widget\" data-settings=\"{&quot;_animation&quot;:&quot;nussSlideInRight&quot;}\" data-widget_type=\"image.default\">\n\t\t\t\t<div class=\"elementor-widget-container\">\n\t\t\t\t\t\t\t\t\t\t\t\t\t\t\t<img fetchpriority=\"high\" decoding=\"async\" width=\"1280\" height=\"853\" src=\"https:\/\/shanghaielonghotel.com\/wp-content\/uploads\/2025\/03\/02074120008ujofr7911E_W_1280_853_R5.jpg\" class=\"attachment-full size-full wp-image-5553\" alt=\"\" srcset=\"https:\/\/shanghaielonghotel.com\/wp-content\/uploads\/2025\/03\/02074120008ujofr7911E_W_1280_853_R5.jpg 1280w, https:\/\/shanghaielonghotel.com\/wp-content\/uploads\/2025\/03\/02074120008ujofr7911E_W_1280_853_R5-300x200.jpg 300w, https:\/\/shanghaielonghotel.com\/wp-content\/uploads\/2025\/03\/02074120008ujofr7911E_W_1280_853_R5-1024x682.jpg 1024w, https:\/\/shanghaielonghotel.com\/wp-content\/uploads\/2025\/03\/02074120008ujofr7911E_W_1280_853_R5-768x512.jpg 768w\" sizes=\"(max-width: 1280px) 100vw, 1280px\" \/>\t\t\t\t\t\t\t\t\t\t\t\t\t\t\t<\/div>\n\t\t\t\t<\/div>\n\t\t\t\t\t<\/div>\n\t\t<\/div>\n\t\t\t\t<div class=\"elementor-column elementor-col-50 elementor-top-column elementor-element elementor-element-4b9e677\" data-id=\"4b9e677\" data-element_type=\"column\" data-e-type=\"column\">\n\t\t\t<div class=\"elementor-widget-wrap elementor-element-populated\">\n\t\t\t\t\t\t<div class=\"elementor-element elementor-element-f222aa6 elementor-invisible elementor-widget elementor-widget-nuss-heading\" data-id=\"f222aa6\" data-element_type=\"widget\" data-e-type=\"widget\" data-settings=\"{&quot;_animation&quot;:&quot;nussFadeInUp&quot;}\" data-widget_type=\"nuss-heading.default\">\n\t\t\t\t<div class=\"elementor-widget-container\">\n\t\t\t\t\t\t\t<div class=\"nuss-modern-heading\">\r\n\t\t\t\r\n\t\t\t\t\t\t<div class=\"heading-primary-wrap\">\r\n\t\t\t\t<span class=\"heading-primary elementor-heading-title\">Alojamientos que te hacen sentir como en casa<\/span>\t\t\t<\/div>\r\n\t\t\r\n\t\t\t\r\n\t\t\t\t\t<\/div>\r\n\t\t\t\t\t<\/div>\n\t\t\t\t<\/div>\n\t\t\t\t<div class=\"elementor-element elementor-element-bc0b7e2 elementor-invisible elementor-widget elementor-widget-text-editor\" data-id=\"bc0b7e2\" data-element_type=\"widget\" data-e-type=\"widget\" data-settings=\"{&quot;_animation&quot;:&quot;nussFadeInUp&quot;}\" data-widget_type=\"text-editor.default\">\n\t\t\t\t<div class=\"elementor-widget-container\">\n\t\t\t\t\t\t\t\t\t<p>Las habitaciones del hotel son frecuentemente elogiadas por su <strong>distribuciones espaciosas<\/strong>Dise\u00f1o moderno y limpieza meticulosa. Los hu\u00e9spedes describen sus estancias como &quot;inolvidables&quot;, con habitaciones que ofrecen vistas panor\u00e1micas de la ciudad que enmarcan el horizonte de Shangh\u00e1i como una postal viviente. Las comodidades, desde ropa de cama de lujo hasta wifi de alta velocidad, satisfacen tanto a viajeros de ocio como de negocios, garantizando la perfecta convivencia entre productividad y relajaci\u00f3n. Un hu\u00e9sped coment\u00f3: &quot;La habitaci\u00f3n era tan c\u00f3moda que salir a explorar la ciudad se convirti\u00f3 en un agradable dilema&quot;.<\/p>\t\t\t\t\t\t\t\t<\/div>\n\t\t\t\t<\/div>\n\t\t\t\t\t<\/div>\n\t\t<\/div>\n\t\t\t\t\t<\/div>\n\t\t<\/section>\n\t\t\t\t<section class=\"elementor-section elementor-top-section elementor-element elementor-element-575fc68 elementor-section-gap-beside-no elementor-section-boxed elementor-section-height-default elementor-section-height-default elementor-section-column-vertical-align-stretch\" data-id=\"575fc68\" data-element_type=\"section\" data-e-type=\"section\">\n\t\t\t\t\t\t<div class=\"elementor-container elementor-column-gap-extended\">\n\t\t\t\t\t<div class=\"elementor-column elementor-col-50 elementor-top-column elementor-element elementor-element-dd03a56\" data-id=\"dd03a56\" data-element_type=\"column\" data-e-type=\"column\">\n\t\t\t<div class=\"elementor-widget-wrap elementor-element-populated\">\n\t\t\t\t\t\t<div class=\"elementor-element elementor-element-78ab5be elementor-invisible nuss-elementor-loading nuss-slide-in-right elementor-widget elementor-widget-image\" data-id=\"78ab5be\" data-element_type=\"widget\" data-e-type=\"widget\" data-settings=\"{&quot;_animation&quot;:&quot;nussSlideInRight&quot;}\" data-widget_type=\"image.default\">\n\t\t\t\t<div class=\"elementor-widget-container\">\n\t\t\t\t\t\t\t\t\t\t\t\t\t\t\t<img decoding=\"async\" width=\"1280\" height=\"853\" src=\"https:\/\/shanghaielonghotel.com\/wp-content\/uploads\/2025\/03\/0200f120008ujn0yd9F84_W_1280_853_R5.webp\" class=\"attachment-full size-full wp-image-5588\" alt=\"\" srcset=\"https:\/\/shanghaielonghotel.com\/wp-content\/uploads\/2025\/03\/0200f120008ujn0yd9F84_W_1280_853_R5.webp 1280w, https:\/\/shanghaielonghotel.com\/wp-content\/uploads\/2025\/03\/0200f120008ujn0yd9F84_W_1280_853_R5-300x200.webp 300w, https:\/\/shanghaielonghotel.com\/wp-content\/uploads\/2025\/03\/0200f120008ujn0yd9F84_W_1280_853_R5-1024x682.webp 1024w, https:\/\/shanghaielonghotel.com\/wp-content\/uploads\/2025\/03\/0200f120008ujn0yd9F84_W_1280_853_R5-768x512.webp 768w\" sizes=\"(max-width: 1280px) 100vw, 1280px\" \/>\t\t\t\t\t\t\t\t\t\t\t\t\t\t\t<\/div>\n\t\t\t\t<\/div>\n\t\t\t\t\t<\/div>\n\t\t<\/div>\n\t\t\t\t<div class=\"elementor-column elementor-col-50 elementor-top-column elementor-element elementor-element-364a6b2\" data-id=\"364a6b2\" data-element_type=\"column\" data-e-type=\"column\">\n\t\t\t<div class=\"elementor-widget-wrap elementor-element-populated\">\n\t\t\t\t\t\t<div class=\"elementor-element elementor-element-f9f80f6 elementor-invisible elementor-widget elementor-widget-nuss-heading\" data-id=\"f9f80f6\" data-element_type=\"widget\" data-e-type=\"widget\" data-settings=\"{&quot;_animation&quot;:&quot;nussFadeInUp&quot;}\" data-widget_type=\"nuss-heading.default\">\n\t\t\t\t<div class=\"elementor-widget-container\">\n\t\t\t\t\t\t\t<div class=\"nuss-modern-heading\">\r\n\t\t\t\r\n\t\t\t\t\t\t<div class=\"heading-primary-wrap\">\r\n\t\t\t\t<span class=\"heading-primary elementor-heading-title\">Delicias culinarias y sabores sociales\n<\/span>\t\t\t<\/div>\r\n\t\t\r\n\t\t\t\r\n\t\t\t\t\t<\/div>\r\n\t\t\t\t\t<\/div>\n\t\t\t\t<\/div>\n\t\t\t\t<div class=\"elementor-element elementor-element-ccbb94d elementor-invisible elementor-widget elementor-widget-text-editor\" data-id=\"ccbb94d\" data-element_type=\"widget\" data-e-type=\"widget\" data-settings=\"{&quot;_animation&quot;:&quot;nussFadeInUp&quot;}\" data-widget_type=\"text-editor.default\">\n\t\t\t\t<div class=\"elementor-widget-container\">\n\t\t\t\t\t\t\t\t\t<p>Las experiencias gastron\u00f3micas del hotel generan animadas conversaciones entre los viajeros. El desayuno buffet, descrito como &quot;delicioso&quot; y variado, ofrece una mezcla de especialidades locales y platos internacionales, aunque algunos hu\u00e9spedes occidentales comentaron que se centraba en los sabores regionales. El restaurante del hotel recibe elogios por sus platos creativos, que combinan las tradiciones culinarias de Shangh\u00e1i con influencias internacionales. Sin embargo, el bar recibi\u00f3 cr\u00edticas mixtas, y algunos visitantes sugirieron que es m\u00e1s adecuado para tardes tranquilas que para reuniones animadas.<\/p>\t\t\t\t\t\t\t\t<\/div>\n\t\t\t\t<\/div>\n\t\t\t\t\t<\/div>\n\t\t<\/div>\n\t\t\t\t\t<\/div>\n\t\t<\/section>\n\t\t\t\t<section class=\"elementor-section elementor-top-section elementor-element elementor-element-7853fd5 elementor-section-gap-beside-no elementor-section-boxed elementor-section-height-default elementor-section-height-default elementor-section-column-vertical-align-stretch\" data-id=\"7853fd5\" data-element_type=\"section\" data-e-type=\"section\">\n\t\t\t\t\t\t<div class=\"elementor-container elementor-column-gap-extended\">\n\t\t\t\t\t<div class=\"elementor-column elementor-col-50 elementor-top-column elementor-element elementor-element-9a8fa64\" data-id=\"9a8fa64\" data-element_type=\"column\" data-e-type=\"column\">\n\t\t\t<div class=\"elementor-widget-wrap elementor-element-populated\">\n\t\t\t\t\t\t<div class=\"elementor-element elementor-element-6f7d3f1 elementor-invisible nuss-elementor-loading nuss-slide-in-right elementor-widget elementor-widget-image\" data-id=\"6f7d3f1\" data-element_type=\"widget\" data-e-type=\"widget\" data-settings=\"{&quot;_animation&quot;:&quot;nussSlideInRight&quot;}\" data-widget_type=\"image.default\">\n\t\t\t\t<div class=\"elementor-widget-container\">\n\t\t\t\t\t\t\t\t\t\t\t\t\t\t\t<img decoding=\"async\" width=\"1280\" height=\"853\" src=\"https:\/\/shanghaielonghotel.com\/wp-content\/uploads\/2025\/03\/0202o120008pl5kt9372B_W_1280_853_R5.webp\" class=\"attachment-full size-full wp-image-5643\" alt=\"\" srcset=\"https:\/\/shanghaielonghotel.com\/wp-content\/uploads\/2025\/03\/0202o120008pl5kt9372B_W_1280_853_R5.webp 1280w, https:\/\/shanghaielonghotel.com\/wp-content\/uploads\/2025\/03\/0202o120008pl5kt9372B_W_1280_853_R5-300x200.webp 300w, https:\/\/shanghaielonghotel.com\/wp-content\/uploads\/2025\/03\/0202o120008pl5kt9372B_W_1280_853_R5-1024x682.webp 1024w, https:\/\/shanghaielonghotel.com\/wp-content\/uploads\/2025\/03\/0202o120008pl5kt9372B_W_1280_853_R5-768x512.webp 768w\" sizes=\"(max-width: 1280px) 100vw, 1280px\" \/>\t\t\t\t\t\t\t\t\t\t\t\t\t\t\t<\/div>\n\t\t\t\t<\/div>\n\t\t\t\t\t<\/div>\n\t\t<\/div>\n\t\t\t\t<div class=\"elementor-column elementor-col-50 elementor-top-column elementor-element elementor-element-abd874b\" data-id=\"abd874b\" data-element_type=\"column\" data-e-type=\"column\">\n\t\t\t<div class=\"elementor-widget-wrap elementor-element-populated\">\n\t\t\t\t\t\t<div class=\"elementor-element elementor-element-ad62d2d elementor-invisible elementor-widget elementor-widget-nuss-heading\" data-id=\"ad62d2d\" data-element_type=\"widget\" data-e-type=\"widget\" data-settings=\"{&quot;_animation&quot;:&quot;nussFadeInUp&quot;}\" data-widget_type=\"nuss-heading.default\">\n\t\t\t\t<div class=\"elementor-widget-container\">\n\t\t\t\t\t\t\t<div class=\"nuss-modern-heading\">\r\n\t\t\t\r\n\t\t\t\t\t\t<div class=\"heading-primary-wrap\">\r\n\t\t\t\t<span class=\"heading-primary elementor-heading-title\">Un servicio que une culturas\n<\/span>\t\t\t<\/div>\r\n\t\t\r\n\t\t\t\r\n\t\t\t\t\t<\/div>\r\n\t\t\t\t\t<\/div>\n\t\t\t\t<\/div>\n\t\t\t\t<div class=\"elementor-element elementor-element-a80ff28 elementor-invisible elementor-widget elementor-widget-text-editor\" data-id=\"a80ff28\" data-element_type=\"widget\" data-e-type=\"widget\" data-settings=\"{&quot;_animation&quot;:&quot;nussFadeInUp&quot;}\" data-widget_type=\"text-editor.default\">\n\t\t\t\t<div class=\"elementor-widget-container\">\n\t\t\t\t\t\t\t\t\t<p>Lo que realmente define la experiencia Elong es su <strong>servicio excepcional<\/strong>Los viajeros destacan repetidamente la <strong>personal multiling\u00fce y amable<\/strong> Que se esfuerzan al m\u00e1ximo para ayudar a los hu\u00e9spedes, superando incluso las barreras ling\u00fc\u00edsticas con calidez y paciencia. Desde organizar tours personalizados por la ciudad hasta ofrecer informaci\u00f3n privilegiada sobre joyas ocultas, como las calles hist\u00f3ricas cercanas, la dedicaci\u00f3n del equipo transforma las estancias en viajes personalizados. &quot;Nos hicieron sentir como VIP en una ciudad de 26 millones de habitantes&quot;, coment\u00f3 un hu\u00e9sped.<\/p>\t\t\t\t\t\t\t\t<\/div>\n\t\t\t\t<\/div>\n\t\t\t\t\t<\/div>\n\t\t<\/div>\n\t\t\t\t\t<\/div>\n\t\t<\/section>\n\t\t\t\t<section class=\"elementor-section elementor-top-section elementor-element elementor-element-4e3572f elementor-section-gap-beside-no elementor-section-boxed elementor-section-height-default elementor-section-height-default elementor-section-column-vertical-align-stretch\" data-id=\"4e3572f\" data-element_type=\"section\" data-e-type=\"section\">\n\t\t\t\t\t\t<div class=\"elementor-container elementor-column-gap-extended\">\n\t\t\t\t\t<div class=\"elementor-column elementor-col-50 elementor-top-column elementor-element elementor-element-c0c6914\" data-id=\"c0c6914\" data-element_type=\"column\" data-e-type=\"column\">\n\t\t\t<div class=\"elementor-widget-wrap elementor-element-populated\">\n\t\t\t\t\t\t<div class=\"elementor-element elementor-element-77ded9c elementor-invisible nuss-elementor-loading nuss-slide-in-right elementor-widget elementor-widget-image\" data-id=\"77ded9c\" data-element_type=\"widget\" data-e-type=\"widget\" data-settings=\"{&quot;_animation&quot;:&quot;nussSlideInRight&quot;}\" data-widget_type=\"image.default\">\n\t\t\t\t<div class=\"elementor-widget-container\">\n\t\t\t\t\t\t\t\t\t\t\t\t\t\t\t<img decoding=\"async\" width=\"1280\" height=\"853\" src=\"https:\/\/shanghaielonghotel.com\/wp-content\/uploads\/2025\/03\/0202o120008pl5kt9372B_W_1280_853_R5.webp\" class=\"attachment-full size-full wp-image-5643\" alt=\"\" srcset=\"https:\/\/shanghaielonghotel.com\/wp-content\/uploads\/2025\/03\/0202o120008pl5kt9372B_W_1280_853_R5.webp 1280w, https:\/\/shanghaielonghotel.com\/wp-content\/uploads\/2025\/03\/0202o120008pl5kt9372B_W_1280_853_R5-300x200.webp 300w, https:\/\/shanghaielonghotel.com\/wp-content\/uploads\/2025\/03\/0202o120008pl5kt9372B_W_1280_853_R5-1024x682.webp 1024w, https:\/\/shanghaielonghotel.com\/wp-content\/uploads\/2025\/03\/0202o120008pl5kt9372B_W_1280_853_R5-768x512.webp 768w\" sizes=\"(max-width: 1280px) 100vw, 1280px\" \/>\t\t\t\t\t\t\t\t\t\t\t\t\t\t\t<\/div>\n\t\t\t\t<\/div>\n\t\t\t\t\t<\/div>\n\t\t<\/div>\n\t\t\t\t<div class=\"elementor-column elementor-col-50 elementor-top-column elementor-element elementor-element-222439b\" data-id=\"222439b\" data-element_type=\"column\" data-e-type=\"column\">\n\t\t\t<div class=\"elementor-widget-wrap elementor-element-populated\">\n\t\t\t\t\t\t<div class=\"elementor-element elementor-element-8524fd8 elementor-invisible elementor-widget elementor-widget-nuss-heading\" data-id=\"8524fd8\" data-element_type=\"widget\" data-e-type=\"widget\" data-settings=\"{&quot;_animation&quot;:&quot;nussFadeInUp&quot;}\" data-widget_type=\"nuss-heading.default\">\n\t\t\t\t<div class=\"elementor-widget-container\">\n\t\t\t\t\t\t\t<div class=\"nuss-modern-heading\">\r\n\t\t\t\r\n\t\t\t\t\t\t<div class=\"heading-primary-wrap\">\r\n\t\t\t\t<span class=\"heading-primary elementor-heading-title\">Una puerta de entrada al alma de Shangh\u00e1i\n<\/span>\t\t\t<\/div>\r\n\t\t\r\n\t\t\t\r\n\t\t\t\t\t<\/div>\r\n\t\t\t\t\t<\/div>\n\t\t\t\t<\/div>\n\t\t\t\t<div class=\"elementor-element elementor-element-8b3e245 elementor-invisible elementor-widget elementor-widget-text-editor\" data-id=\"8b3e245\" data-element_type=\"widget\" data-e-type=\"widget\" data-settings=\"{&quot;_animation&quot;:&quot;nussFadeInUp&quot;}\" data-widget_type=\"text-editor.default\">\n\t\t\t\t<div class=\"elementor-widget-container\">\n\t\t\t\t\t\t\t\t\t<p>M\u00e1s all\u00e1 del hotel, los hu\u00e9spedes elogian la facilidad para explorar los contrastes de Shangh\u00e1i, desde el futurista horizonte de Pudong hasta el tranquilo Jard\u00edn Yu, todos accesibles mediante el cercano metro. Muchos regresan con historias de aventuras espont\u00e1neas: paseos nocturnos por el paseo iluminado del Bund, regateos en los mercados locales o caf\u00e9s en pintorescos callejones. El Hotel Elong, con su combinaci\u00f3n de comodidad y encanto, es el punto de partida perfecto para estos recuerdos.<\/p><p>En palabras de un viajero experimentado: &quot;Alojarse aqu\u00ed no se trata solo de un lugar para dormir, se trata de sentirse conectado con el latido del coraz\u00f3n de Shangh\u00e1i&quot;. Ya sea por las risas compartidas durante el desayuno, la maravilla de una vista del horizonte al amanecer o la tranquilidad de la sonrisa de un miembro del personal, el Shanghai Elong Hotel crea experiencias que perduran mucho despu\u00e9s de la salida.<\/p>\t\t\t\t\t\t\t\t<\/div>\n\t\t\t\t<\/div>\n\t\t\t\t\t<\/div>\n\t\t<\/div>\n\t\t\t\t\t<\/div>\n\t\t<\/section>\n\t\t\t\t<section class=\"elementor-section elementor-top-section elementor-element elementor-element-2758c3bd elementor-section-stretched elementor-section-boxed elementor-section-gap-beside-yes elementor-section-height-default elementor-section-height-default elementor-section-column-vertical-align-stretch\" data-id=\"2758c3bd\" data-element_type=\"section\" data-e-type=\"section\" data-settings=\"{&quot;background_background&quot;:&quot;classic&quot;,&quot;stretch_section&quot;:&quot;section-stretched&quot;}\">\n\t\t\t\t\t\t<div class=\"elementor-container elementor-column-gap-extended\">\n\t\t\t\t\t<div class=\"elementor-column elementor-col-100 elementor-top-column elementor-element elementor-element-5bd110c8\" data-id=\"5bd110c8\" data-element_type=\"column\" data-e-type=\"column\">\n\t\t\t<div class=\"elementor-widget-wrap elementor-element-populated\">\n\t\t\t\t\t\t<div class=\"elementor-element elementor-element-53b1107e elementor-widget elementor-widget-heading\" data-id=\"53b1107e\" data-element_type=\"widget\" data-e-type=\"widget\" data-widget_type=\"heading.default\">\n\t\t\t\t<div class=\"elementor-widget-container\">\n\t\t\t\t\t<h2 class=\"elementor-heading-title elementor-size-default\">Consultar disponibilidad <\/h2>\t\t\t\t<\/div>\n\t\t\t\t<\/div>\n\t\t\t\t<div class=\"elementor-element elementor-element-4a657924 elementor-widget elementor-widget-text-editor\" data-id=\"4a657924\" data-element_type=\"widget\" data-e-type=\"widget\" data-widget_type=\"text-editor.default\">\n\t\t\t\t<div class=\"elementor-widget-container\">\n\t\t\t\t\t\t\t\t\t<iframe border=\"0\" src=\"https:\/\/www.trip.com\/partners\/ad\/S2520898?Allianceid=5415915&#038;SID=183231315&#038;trip_sub1=\" style=\"width:900px;height:200px\" frameborder=\"0\" scrolling=\"no\" id=\"S2520898\"><\/iframe>\t\t\t\t\t\t\t\t<\/div>\n\t\t\t\t<\/div>\n\t\t\t\t\t<\/div>\n\t\t<\/div>\n\t\t\t\t\t<\/div>\n\t\t<\/section>\n\t\t\t\t<\/div>","protected":false},"excerpt":{"rendered":"<p>Nestled in the heart of Shanghai\u2019s bustling urban landscape, the Shanghai Elong Hotel has become a magnet for globetrotters seeking both comfort and cultural immersion. Travelers consistently praise its prime location on Nanjing Road, steps away from the vibrant Nanjing Pedestrian Street\u2014a paradise for shoppers and history enthusiasts alike\u2014and a short stroll from iconic landmarks [&hellip;]<\/p>\n","protected":false},"author":1,"featured_media":0,"parent":0,"menu_order":0,"comment_status":"closed","ping_status":"closed","template":"","meta":{"footnotes":""},"class_list":["post-2106","page","type-page","status-publish","hentry","post-no-thumbnail"],"_links":{"self":[{"href":"https:\/\/shanghaielonghotel.com\/es\/wp-json\/wp\/v2\/pages\/2106","targetHints":{"allow":["GET"]}}],"collection":[{"href":"https:\/\/shanghaielonghotel.com\/es\/wp-json\/wp\/v2\/pages"}],"about":[{"href":"https:\/\/shanghaielonghotel.com\/es\/wp-json\/wp\/v2\/types\/page"}],"author":[{"embeddable":true,"href":"https:\/\/shanghaielonghotel.com\/es\/wp-json\/wp\/v2\/users\/1"}],"replies":[{"embeddable":true,"href":"https:\/\/shanghaielonghotel.com\/es\/wp-json\/wp\/v2\/comments?post=2106"}],"version-history":[{"count":0,"href":"https:\/\/shanghaielonghotel.com\/es\/wp-json\/wp\/v2\/pages\/2106\/revisions"}],"wp:attachment":[{"href":"https:\/\/shanghaielonghotel.com\/es\/wp-json\/wp\/v2\/media?parent=2106"}],"curies":[{"name":"gracias","href":"https:\/\/api.w.org\/{rel}","templated":true}]}}