{"id":2109,"date":"2021-03-26T08:35:58","date_gmt":"2021-03-26T08:35:58","guid":{"rendered":"http:\/\/localhost\/nuss\/?page_id=536"},"modified":"2025-03-27T08:22:11","modified_gmt":"2025-03-27T08:22:11","slug":"tagungsraum","status":"publish","type":"page","link":"https:\/\/shanghaielonghotel.com\/de\/tagungsraum\/","title":{"rendered":"Konferenzraum"},"content":{"rendered":"<div data-elementor-type=\"wp-page\" data-elementor-id=\"2109\" class=\"elementor elementor-2109\">\n\t\t\t\t\t\t<section class=\"elementor-section elementor-top-section elementor-element elementor-element-bb2901b elementor-section-boxed elementor-section-gap-beside-yes elementor-section-height-default elementor-section-height-default elementor-section-column-vertical-align-stretch\" data-id=\"bb2901b\" data-element_type=\"section\" data-e-type=\"section\">\n\t\t\t\t\t\t<div class=\"elementor-container elementor-column-gap-extended\">\n\t\t\t\t\t<div class=\"elementor-column elementor-col-100 elementor-top-column elementor-element elementor-element-1919db9\" data-id=\"1919db9\" data-element_type=\"column\" data-e-type=\"column\">\n\t\t\t<div class=\"elementor-widget-wrap elementor-element-populated\">\n\t\t\t\t\t\t<div class=\"elementor-element elementor-element-41a7b9c elementor-widget__width-initial elementor-invisible elementor-widget elementor-widget-text-editor\" data-id=\"41a7b9c\" data-element_type=\"widget\" data-e-type=\"widget\" data-settings=\"{&quot;_animation&quot;:&quot;nussFadeInUp&quot;}\" data-widget_type=\"text-editor.default\">\n\t\t\t\t<div class=\"elementor-widget-container\">\n\t\t\t\t\t\t\t\t\t<p>Der <strong>Tagungsraumservice im Shanghai Elong Hotel<\/strong> definiert die Kunst der Corporate Hospitality neu, indem es hochmoderne Einrichtungen, strategischen Komfort und ma\u00dfgeschneiderten Service, zugeschnitten auf moderne Gesch\u00e4ftsbed\u00fcrfnisse, nahtlos miteinander verbindet. Mitten im Herzen Shanghais gelegen, positioniert sich dieses 4-Sterne-Hotel als zentrale Anlaufstelle f\u00fcr lokale und internationale Gesch\u00e4ftsreisende und bietet die N\u00e4he zu wichtigen Verkehrsknotenpunkten wie dem Bahnhof Shanghai (4 km) und dem internationalen Flughafen Shanghai Hongqiao (15 km). Diese Erreichbarkeit gew\u00e4hrleistet einen reibungslosen \u00dcbergang von der Reise zur Produktivit\u00e4t f\u00fcr Delegierte und Teams.<\/p>\t\t\t\t\t\t\t\t<\/div>\n\t\t\t\t<\/div>\n\t\t\t\t\t<\/div>\n\t\t<\/div>\n\t\t\t\t\t<\/div>\n\t\t<\/section>\n\t\t\t\t<section class=\"elementor-section elementor-top-section elementor-element elementor-element-fad87ed elementor-section-boxed elementor-section-gap-beside-yes elementor-section-height-default elementor-section-height-default elementor-section-column-vertical-align-stretch\" data-id=\"fad87ed\" data-element_type=\"section\" data-e-type=\"section\">\n\t\t\t\t\t\t<div class=\"elementor-container elementor-column-gap-extended\">\n\t\t\t\t\t<div class=\"elementor-column elementor-col-50 elementor-top-column elementor-element elementor-element-9b3c6b5\" data-id=\"9b3c6b5\" data-element_type=\"column\" data-e-type=\"column\">\n\t\t\t<div class=\"elementor-widget-wrap elementor-element-populated\">\n\t\t\t\t\t\t<div class=\"elementor-element elementor-element-ce91d58 elementor-invisible nuss-elementor-loading nuss-slide-in-right elementor-widget elementor-widget-image\" data-id=\"ce91d58\" data-element_type=\"widget\" data-e-type=\"widget\" data-settings=\"{&quot;_animation&quot;:&quot;nussSlideInRight&quot;}\" data-widget_type=\"image.default\">\n\t\t\t\t<div class=\"elementor-widget-container\">\n\t\t\t\t\t\t\t\t\t\t\t\t\t\t\t<img fetchpriority=\"high\" decoding=\"async\" width=\"1280\" height=\"853\" src=\"https:\/\/shanghaielonghotel.com\/wp-content\/uploads\/2025\/03\/0201e120008iwbjt8BBC0_W_1280_853_R5.webp\" class=\"attachment-full size-full wp-image-5655\" alt=\"\" srcset=\"https:\/\/shanghaielonghotel.com\/wp-content\/uploads\/2025\/03\/0201e120008iwbjt8BBC0_W_1280_853_R5.webp 1280w, https:\/\/shanghaielonghotel.com\/wp-content\/uploads\/2025\/03\/0201e120008iwbjt8BBC0_W_1280_853_R5-300x200.webp 300w, https:\/\/shanghaielonghotel.com\/wp-content\/uploads\/2025\/03\/0201e120008iwbjt8BBC0_W_1280_853_R5-1024x682.webp 1024w, https:\/\/shanghaielonghotel.com\/wp-content\/uploads\/2025\/03\/0201e120008iwbjt8BBC0_W_1280_853_R5-768x512.webp 768w\" sizes=\"(max-width: 1280px) 100vw, 1280px\" \/>\t\t\t\t\t\t\t\t\t\t\t\t\t\t\t<\/div>\n\t\t\t\t<\/div>\n\t\t\t\t\t<\/div>\n\t\t<\/div>\n\t\t\t\t<div class=\"elementor-column elementor-col-50 elementor-top-column elementor-element elementor-element-27e1142\" data-id=\"27e1142\" data-element_type=\"column\" data-e-type=\"column\">\n\t\t\t<div class=\"elementor-widget-wrap elementor-element-populated\">\n\t\t\t\t\t\t<div class=\"elementor-element elementor-element-46af239 elementor-invisible elementor-widget elementor-widget-text-editor\" data-id=\"46af239\" data-element_type=\"widget\" data-e-type=\"widget\" data-settings=\"{&quot;_animation&quot;:&quot;nussFadeInUp&quot;}\" data-widget_type=\"text-editor.default\">\n\t\t\t\t<div class=\"elementor-widget-container\">\n\t\t\t\t\t\t\t\t\t<p>Das Hotel <strong>multifunktionale Tagungsr\u00e4ume<\/strong>Die R\u00e4umlichkeiten, darunter spezielle Konferenzr\u00e4ume und flexible Business Center, eignen sich f\u00fcr vielf\u00e4ltige Veranstaltungsformate \u2013 von wichtigen Vorstandssitzungen bis hin zu kollaborativen Workshops. Die R\u00e4ume sind mit modernster audiovisueller Technik und Highspeed-WLAN ausgestattet und erm\u00f6glichen so reibungslose Pr\u00e4sentationen und virtuelle Zusammenarbeit. Einzigartig am Shanghai Elong Hotel ist die Verbindung von Funktionalit\u00e4t und Kreativit\u00e4t: Ausgew\u00e4hlte Tagungsbereiche werden durch thematisch gestaltete Annehmlichkeiten wie die Harley-Bar erg\u00e4nzt und bieten eine unkonventionelle und zugleich inspirierende Umgebung f\u00fcr Networking- oder Brainstorming-Sitzungen.<\/p><p>Neben der Infrastruktur legt das Hotel Wert auf <strong>Komfort und Raffinesse<\/strong>Mit Fu\u00dfbodenheizung, Sanit\u00e4rkeramik von Duravit und hochwertiger Bettw\u00e4sche schaffen Sie eine Atmosph\u00e4re, in der Konzentration und Entspannung Hand in Hand gehen. Der Konferenzsaal eignet sich f\u00fcr gr\u00f6\u00dfere Veranstaltungen, w\u00e4hrend kleinere Gruppenr\u00e4ume den vertraulichen Austausch erm\u00f6glichen. Ein engagiertes Support-Team bietet individuelle Services, einschlie\u00dflich Catering-Koordination und technischer Unterst\u00fctzung, und stellt sicher, dass jedes Detail professionellen Standards entspricht.<\/p>\t\t\t\t\t\t\t\t<\/div>\n\t\t\t\t<\/div>\n\t\t\t\t\t<\/div>\n\t\t<\/div>\n\t\t\t\t\t<\/div>\n\t\t<\/section>\n\t\t\t\t<section class=\"elementor-section elementor-top-section elementor-element elementor-element-284abc37 elementor-section-stretched elementor-section-boxed elementor-section-gap-beside-yes elementor-section-height-default elementor-section-height-default elementor-section-column-vertical-align-stretch\" data-id=\"284abc37\" data-element_type=\"section\" data-e-type=\"section\" data-settings=\"{&quot;background_background&quot;:&quot;classic&quot;,&quot;stretch_section&quot;:&quot;section-stretched&quot;}\">\n\t\t\t\t\t\t<div class=\"elementor-container elementor-column-gap-extended\">\n\t\t\t\t\t<div class=\"elementor-column elementor-col-100 elementor-top-column elementor-element elementor-element-75d49426\" data-id=\"75d49426\" data-element_type=\"column\" data-e-type=\"column\">\n\t\t\t<div class=\"elementor-widget-wrap elementor-element-populated\">\n\t\t\t\t\t\t<div class=\"elementor-element elementor-element-3b21dcd8 elementor-widget elementor-widget-heading\" data-id=\"3b21dcd8\" data-element_type=\"widget\" data-e-type=\"widget\" data-widget_type=\"heading.default\">\n\t\t\t\t<div class=\"elementor-widget-container\">\n\t\t\t\t\t<h2 class=\"elementor-heading-title elementor-size-default\">Verf\u00fcgbarkeit pr\u00fcfen <\/h2>\t\t\t\t<\/div>\n\t\t\t\t<\/div>\n\t\t\t\t<div class=\"elementor-element elementor-element-6d3b59cd elementor-widget elementor-widget-text-editor\" data-id=\"6d3b59cd\" data-element_type=\"widget\" data-e-type=\"widget\" data-widget_type=\"text-editor.default\">\n\t\t\t\t<div class=\"elementor-widget-container\">\n\t\t\t\t\t\t\t\t\t<iframe border=\"0\" src=\"https:\/\/www.trip.com\/partners\/ad\/S2520898?Allianceid=5415915&#038;SID=183231315&#038;trip_sub1=\" style=\"width:900px;height:200px\" frameborder=\"0\" scrolling=\"no\" id=\"S2520898\"><\/iframe>\t\t\t\t\t\t\t\t<\/div>\n\t\t\t\t<\/div>\n\t\t\t\t\t<\/div>\n\t\t<\/div>\n\t\t\t\t\t<\/div>\n\t\t<\/section>\n\t\t\t\t<\/div>","protected":false},"excerpt":{"rendered":"<p>The Meeting Room Service at Shanghai Elong Hotel redefines the art of corporate hospitality by seamlessly blending state-of-the-art facilities, strategic convenience, and bespoke service tailored to modern business needs. Nestled in the heart of Shanghai, this 4-star establishment positions itself as a hub for both local and international professionals, offering proximity to major transit hubs [&hellip;]<\/p>\n","protected":false},"author":1,"featured_media":0,"parent":0,"menu_order":0,"comment_status":"closed","ping_status":"closed","template":"","meta":{"footnotes":""},"class_list":["post-2109","page","type-page","status-publish","hentry","post-no-thumbnail"],"_links":{"self":[{"href":"https:\/\/shanghaielonghotel.com\/de\/wp-json\/wp\/v2\/pages\/2109","targetHints":{"allow":["GET"]}}],"collection":[{"href":"https:\/\/shanghaielonghotel.com\/de\/wp-json\/wp\/v2\/pages"}],"about":[{"href":"https:\/\/shanghaielonghotel.com\/de\/wp-json\/wp\/v2\/types\/page"}],"author":[{"embeddable":true,"href":"https:\/\/shanghaielonghotel.com\/de\/wp-json\/wp\/v2\/users\/1"}],"replies":[{"embeddable":true,"href":"https:\/\/shanghaielonghotel.com\/de\/wp-json\/wp\/v2\/comments?post=2109"}],"version-history":[{"count":0,"href":"https:\/\/shanghaielonghotel.com\/de\/wp-json\/wp\/v2\/pages\/2109\/revisions"}],"wp:attachment":[{"href":"https:\/\/shanghaielonghotel.com\/de\/wp-json\/wp\/v2\/media?parent=2109"}],"curies":[{"name":"wp","href":"https:\/\/api.w.org\/{rel}","templated":true}]}}