{"id":2106,"date":"2021-03-25T04:08:26","date_gmt":"2021-03-25T04:08:26","guid":{"rendered":"http:\/\/localhost\/nuss\/?page_id=298"},"modified":"2025-03-27T08:02:07","modified_gmt":"2025-03-27T08:02:07","slug":"erlebnisse","status":"publish","type":"page","link":"https:\/\/shanghaielonghotel.com\/de\/erlebnisse\/","title":{"rendered":"Erlebnisse"},"content":{"rendered":"<div data-elementor-type=\"wp-page\" data-elementor-id=\"2106\" class=\"elementor elementor-2106\">\n\t\t\t\t\t\t<section class=\"elementor-section elementor-top-section elementor-element elementor-element-1954ffc elementor-section-boxed elementor-section-gap-beside-yes elementor-section-height-default elementor-section-height-default elementor-section-column-vertical-align-stretch\" data-id=\"1954ffc\" data-element_type=\"section\" data-e-type=\"section\">\n\t\t\t\t\t\t<div class=\"elementor-container elementor-column-gap-extended\">\n\t\t\t\t\t<div class=\"elementor-column elementor-col-100 elementor-top-column elementor-element elementor-element-86aebc5\" data-id=\"86aebc5\" data-element_type=\"column\" data-e-type=\"column\">\n\t\t\t<div class=\"elementor-widget-wrap elementor-element-populated\">\n\t\t\t\t\t\t<div class=\"elementor-element elementor-element-11803d1 elementor-widget__width-initial elementor-invisible elementor-widget elementor-widget-text-editor\" data-id=\"11803d1\" data-element_type=\"widget\" data-e-type=\"widget\" data-settings=\"{&quot;_animation&quot;:&quot;nussFadeInUp&quot;}\" data-widget_type=\"text-editor.default\">\n\t\t\t\t<div class=\"elementor-widget-container\">\n\t\t\t\t\t\t\t\t\t<p>Eingebettet im Herzen der gesch\u00e4ftigen Stadtlandschaft Shanghais, <strong>Shanghai Elong Hotel<\/strong> ist zu einem Magneten f\u00fcr Weltenbummler geworden, die sowohl Komfort als auch kulturelles Eintauchen suchen. Reisende loben immer wieder seine <strong>erstklassige Lage<\/strong> An der Nanjing Road, nur wenige Schritte von der pulsierenden Fu\u00dfg\u00e4ngerzone Nanjing entfernt \u2013 einem Paradies f\u00fcr Shoppingbegeisterte und Geschichtsinteressierte \u2013 und nur einen kurzen Spaziergang von ber\u00fchmten Sehensw\u00fcrdigkeiten wie dem Bund entfernt. Diese strategische Lage erm\u00f6glicht es G\u00e4sten, m\u00fchelos in Shanghais pulsierende Energie einzutauchen und sich am Ende des Tages in eine ruhige Oase zur\u00fcckzuziehen.<\/p>\t\t\t\t\t\t\t\t<\/div>\n\t\t\t\t<\/div>\n\t\t\t\t\t<\/div>\n\t\t<\/div>\n\t\t\t\t\t<\/div>\n\t\t<\/section>\n\t\t\t\t<section class=\"elementor-section elementor-top-section elementor-element elementor-element-b2344ff elementor-section-gap-beside-no elementor-section-boxed elementor-section-height-default elementor-section-height-default elementor-section-column-vertical-align-stretch\" data-id=\"b2344ff\" data-element_type=\"section\" data-e-type=\"section\">\n\t\t\t\t\t\t<div class=\"elementor-container elementor-column-gap-extended\">\n\t\t\t\t\t<div class=\"elementor-column elementor-col-50 elementor-top-column elementor-element elementor-element-4698ec8\" data-id=\"4698ec8\" data-element_type=\"column\" data-e-type=\"column\">\n\t\t\t<div class=\"elementor-widget-wrap elementor-element-populated\">\n\t\t\t\t\t\t<div class=\"elementor-element elementor-element-88e5290 elementor-invisible nuss-elementor-loading nuss-slide-in-right elementor-widget elementor-widget-image\" data-id=\"88e5290\" data-element_type=\"widget\" data-e-type=\"widget\" data-settings=\"{&quot;_animation&quot;:&quot;nussSlideInRight&quot;}\" data-widget_type=\"image.default\">\n\t\t\t\t<div class=\"elementor-widget-container\">\n\t\t\t\t\t\t\t\t\t\t\t\t\t\t\t<img fetchpriority=\"high\" decoding=\"async\" width=\"1280\" height=\"853\" src=\"https:\/\/shanghaielonghotel.com\/wp-content\/uploads\/2025\/03\/02074120008ujofr7911E_W_1280_853_R5.jpg\" class=\"attachment-full size-full wp-image-5553\" alt=\"\" srcset=\"https:\/\/shanghaielonghotel.com\/wp-content\/uploads\/2025\/03\/02074120008ujofr7911E_W_1280_853_R5.jpg 1280w, https:\/\/shanghaielonghotel.com\/wp-content\/uploads\/2025\/03\/02074120008ujofr7911E_W_1280_853_R5-300x200.jpg 300w, https:\/\/shanghaielonghotel.com\/wp-content\/uploads\/2025\/03\/02074120008ujofr7911E_W_1280_853_R5-1024x682.jpg 1024w, https:\/\/shanghaielonghotel.com\/wp-content\/uploads\/2025\/03\/02074120008ujofr7911E_W_1280_853_R5-768x512.jpg 768w\" sizes=\"(max-width: 1280px) 100vw, 1280px\" \/>\t\t\t\t\t\t\t\t\t\t\t\t\t\t\t<\/div>\n\t\t\t\t<\/div>\n\t\t\t\t\t<\/div>\n\t\t<\/div>\n\t\t\t\t<div class=\"elementor-column elementor-col-50 elementor-top-column elementor-element elementor-element-4b9e677\" data-id=\"4b9e677\" data-element_type=\"column\" data-e-type=\"column\">\n\t\t\t<div class=\"elementor-widget-wrap elementor-element-populated\">\n\t\t\t\t\t\t<div class=\"elementor-element elementor-element-f222aa6 elementor-invisible elementor-widget elementor-widget-nuss-heading\" data-id=\"f222aa6\" data-element_type=\"widget\" data-e-type=\"widget\" data-settings=\"{&quot;_animation&quot;:&quot;nussFadeInUp&quot;}\" data-widget_type=\"nuss-heading.default\">\n\t\t\t\t<div class=\"elementor-widget-container\">\n\t\t\t\t\t\t\t<div class=\"nuss-modern-heading\">\r\n\t\t\t\r\n\t\t\t\t\t\t<div class=\"heading-primary-wrap\">\r\n\t\t\t\t<span class=\"heading-primary elementor-heading-title\">Unterk\u00fcnfte, in denen Sie sich wie zu Hause f\u00fchlen<\/span>\t\t\t<\/div>\r\n\t\t\r\n\t\t\t\r\n\t\t\t\t\t<\/div>\r\n\t\t\t\t\t<\/div>\n\t\t\t\t<\/div>\n\t\t\t\t<div class=\"elementor-element elementor-element-bc0b7e2 elementor-invisible elementor-widget elementor-widget-text-editor\" data-id=\"bc0b7e2\" data-element_type=\"widget\" data-e-type=\"widget\" data-settings=\"{&quot;_animation&quot;:&quot;nussFadeInUp&quot;}\" data-widget_type=\"text-editor.default\">\n\t\t\t\t<div class=\"elementor-widget-container\">\n\t\t\t\t\t\t\t\t\t<p>Die Zimmer des Hotels werden oft gelobt f\u00fcr ihre <strong>gro\u00dfz\u00fcgige Grundrisse<\/strong>, modernes Design und sorgf\u00e4ltige Sauberkeit. G\u00e4ste beschreiben ihren Aufenthalt als \u201eunvergesslich\u201c, mit Zimmern, die einen Panoramablick auf die Stadt bieten, der die Skyline von Shanghai wie eine lebendige Postkarte einrahmt. Durchdachte Annehmlichkeiten, von luxuri\u00f6ser Bettw\u00e4sche bis hin zu Highspeed-WLAN, kommen sowohl Urlaubern als auch Gesch\u00e4ftsreisenden entgegen und sorgen daf\u00fcr, dass Produktivit\u00e4t und Entspannung nahtlos miteinander harmonieren. Ein Gast bemerkte: \u201eDas Zimmer war so komfortabel, dass es ein wunderbares Dilemma war, die Stadt zu erkunden.\u201c<\/p>\t\t\t\t\t\t\t\t<\/div>\n\t\t\t\t<\/div>\n\t\t\t\t\t<\/div>\n\t\t<\/div>\n\t\t\t\t\t<\/div>\n\t\t<\/section>\n\t\t\t\t<section class=\"elementor-section elementor-top-section elementor-element elementor-element-575fc68 elementor-section-gap-beside-no elementor-section-boxed elementor-section-height-default elementor-section-height-default elementor-section-column-vertical-align-stretch\" data-id=\"575fc68\" data-element_type=\"section\" data-e-type=\"section\">\n\t\t\t\t\t\t<div class=\"elementor-container elementor-column-gap-extended\">\n\t\t\t\t\t<div class=\"elementor-column elementor-col-50 elementor-top-column elementor-element elementor-element-dd03a56\" data-id=\"dd03a56\" data-element_type=\"column\" data-e-type=\"column\">\n\t\t\t<div class=\"elementor-widget-wrap elementor-element-populated\">\n\t\t\t\t\t\t<div class=\"elementor-element elementor-element-78ab5be elementor-invisible nuss-elementor-loading nuss-slide-in-right elementor-widget elementor-widget-image\" data-id=\"78ab5be\" data-element_type=\"widget\" data-e-type=\"widget\" data-settings=\"{&quot;_animation&quot;:&quot;nussSlideInRight&quot;}\" data-widget_type=\"image.default\">\n\t\t\t\t<div class=\"elementor-widget-container\">\n\t\t\t\t\t\t\t\t\t\t\t\t\t\t\t<img decoding=\"async\" width=\"1280\" height=\"853\" src=\"https:\/\/shanghaielonghotel.com\/wp-content\/uploads\/2025\/03\/0200f120008ujn0yd9F84_W_1280_853_R5.webp\" class=\"attachment-full size-full wp-image-5588\" alt=\"\" srcset=\"https:\/\/shanghaielonghotel.com\/wp-content\/uploads\/2025\/03\/0200f120008ujn0yd9F84_W_1280_853_R5.webp 1280w, https:\/\/shanghaielonghotel.com\/wp-content\/uploads\/2025\/03\/0200f120008ujn0yd9F84_W_1280_853_R5-300x200.webp 300w, https:\/\/shanghaielonghotel.com\/wp-content\/uploads\/2025\/03\/0200f120008ujn0yd9F84_W_1280_853_R5-1024x682.webp 1024w, https:\/\/shanghaielonghotel.com\/wp-content\/uploads\/2025\/03\/0200f120008ujn0yd9F84_W_1280_853_R5-768x512.webp 768w\" sizes=\"(max-width: 1280px) 100vw, 1280px\" \/>\t\t\t\t\t\t\t\t\t\t\t\t\t\t\t<\/div>\n\t\t\t\t<\/div>\n\t\t\t\t\t<\/div>\n\t\t<\/div>\n\t\t\t\t<div class=\"elementor-column elementor-col-50 elementor-top-column elementor-element elementor-element-364a6b2\" data-id=\"364a6b2\" data-element_type=\"column\" data-e-type=\"column\">\n\t\t\t<div class=\"elementor-widget-wrap elementor-element-populated\">\n\t\t\t\t\t\t<div class=\"elementor-element elementor-element-f9f80f6 elementor-invisible elementor-widget elementor-widget-nuss-heading\" data-id=\"f9f80f6\" data-element_type=\"widget\" data-e-type=\"widget\" data-settings=\"{&quot;_animation&quot;:&quot;nussFadeInUp&quot;}\" data-widget_type=\"nuss-heading.default\">\n\t\t\t\t<div class=\"elementor-widget-container\">\n\t\t\t\t\t\t\t<div class=\"nuss-modern-heading\">\r\n\t\t\t\r\n\t\t\t\t\t\t<div class=\"heading-primary-wrap\">\r\n\t\t\t\t<span class=\"heading-primary elementor-heading-title\">Kulinarische Gen\u00fcsse und geselliges Beisammensein\n<\/span>\t\t\t<\/div>\r\n\t\t\r\n\t\t\t\r\n\t\t\t\t\t<\/div>\r\n\t\t\t\t\t<\/div>\n\t\t\t\t<\/div>\n\t\t\t\t<div class=\"elementor-element elementor-element-ccbb94d elementor-invisible elementor-widget elementor-widget-text-editor\" data-id=\"ccbb94d\" data-element_type=\"widget\" data-e-type=\"widget\" data-settings=\"{&quot;_animation&quot;:&quot;nussFadeInUp&quot;}\" data-widget_type=\"text-editor.default\">\n\t\t\t\t<div class=\"elementor-widget-container\">\n\t\t\t\t\t\t\t\t\t<p>Die kulinarischen Erlebnisse des Hotels sorgen f\u00fcr angeregte Gespr\u00e4che unter den Reisenden. Das Fr\u00fchst\u00fccksbuffet, das als \u201ek\u00f6stlich\u201c und vielf\u00e4ltig beschrieben wird, bietet eine Mischung aus lokalen Spezialit\u00e4ten und internationalen Favoriten, wobei einige westliche G\u00e4ste bemerkten, dass es stark regional gepr\u00e4gt sei. Das hoteleigene Restaurant wird f\u00fcr seine einfallsreichen Gerichte gelobt, die Shanghaier Kochtraditionen mit internationalen Einfl\u00fcssen verbinden. Die Bar erhielt jedoch gemischte Kritiken; einige Besucher meinten, sie sei eher f\u00fcr ruhige Abende als f\u00fcr lebhafte Zusammenk\u00fcnfte geeignet.<\/p>\t\t\t\t\t\t\t\t<\/div>\n\t\t\t\t<\/div>\n\t\t\t\t\t<\/div>\n\t\t<\/div>\n\t\t\t\t\t<\/div>\n\t\t<\/section>\n\t\t\t\t<section class=\"elementor-section elementor-top-section elementor-element elementor-element-7853fd5 elementor-section-gap-beside-no elementor-section-boxed elementor-section-height-default elementor-section-height-default elementor-section-column-vertical-align-stretch\" data-id=\"7853fd5\" data-element_type=\"section\" data-e-type=\"section\">\n\t\t\t\t\t\t<div class=\"elementor-container elementor-column-gap-extended\">\n\t\t\t\t\t<div class=\"elementor-column elementor-col-50 elementor-top-column elementor-element elementor-element-9a8fa64\" data-id=\"9a8fa64\" data-element_type=\"column\" data-e-type=\"column\">\n\t\t\t<div class=\"elementor-widget-wrap elementor-element-populated\">\n\t\t\t\t\t\t<div class=\"elementor-element elementor-element-6f7d3f1 elementor-invisible nuss-elementor-loading nuss-slide-in-right elementor-widget elementor-widget-image\" data-id=\"6f7d3f1\" data-element_type=\"widget\" data-e-type=\"widget\" data-settings=\"{&quot;_animation&quot;:&quot;nussSlideInRight&quot;}\" data-widget_type=\"image.default\">\n\t\t\t\t<div class=\"elementor-widget-container\">\n\t\t\t\t\t\t\t\t\t\t\t\t\t\t\t<img decoding=\"async\" width=\"1280\" height=\"853\" src=\"https:\/\/shanghaielonghotel.com\/wp-content\/uploads\/2025\/03\/0202o120008pl5kt9372B_W_1280_853_R5.webp\" class=\"attachment-full size-full wp-image-5643\" alt=\"\" srcset=\"https:\/\/shanghaielonghotel.com\/wp-content\/uploads\/2025\/03\/0202o120008pl5kt9372B_W_1280_853_R5.webp 1280w, https:\/\/shanghaielonghotel.com\/wp-content\/uploads\/2025\/03\/0202o120008pl5kt9372B_W_1280_853_R5-300x200.webp 300w, https:\/\/shanghaielonghotel.com\/wp-content\/uploads\/2025\/03\/0202o120008pl5kt9372B_W_1280_853_R5-1024x682.webp 1024w, https:\/\/shanghaielonghotel.com\/wp-content\/uploads\/2025\/03\/0202o120008pl5kt9372B_W_1280_853_R5-768x512.webp 768w\" sizes=\"(max-width: 1280px) 100vw, 1280px\" \/>\t\t\t\t\t\t\t\t\t\t\t\t\t\t\t<\/div>\n\t\t\t\t<\/div>\n\t\t\t\t\t<\/div>\n\t\t<\/div>\n\t\t\t\t<div class=\"elementor-column elementor-col-50 elementor-top-column elementor-element elementor-element-abd874b\" data-id=\"abd874b\" data-element_type=\"column\" data-e-type=\"column\">\n\t\t\t<div class=\"elementor-widget-wrap elementor-element-populated\">\n\t\t\t\t\t\t<div class=\"elementor-element elementor-element-ad62d2d elementor-invisible elementor-widget elementor-widget-nuss-heading\" data-id=\"ad62d2d\" data-element_type=\"widget\" data-e-type=\"widget\" data-settings=\"{&quot;_animation&quot;:&quot;nussFadeInUp&quot;}\" data-widget_type=\"nuss-heading.default\">\n\t\t\t\t<div class=\"elementor-widget-container\">\n\t\t\t\t\t\t\t<div class=\"nuss-modern-heading\">\r\n\t\t\t\r\n\t\t\t\t\t\t<div class=\"heading-primary-wrap\">\r\n\t\t\t\t<span class=\"heading-primary elementor-heading-title\">Service, der Kulturen verbindet\n<\/span>\t\t\t<\/div>\r\n\t\t\r\n\t\t\t\r\n\t\t\t\t\t<\/div>\r\n\t\t\t\t\t<\/div>\n\t\t\t\t<\/div>\n\t\t\t\t<div class=\"elementor-element elementor-element-a80ff28 elementor-invisible elementor-widget elementor-widget-text-editor\" data-id=\"a80ff28\" data-element_type=\"widget\" data-e-type=\"widget\" data-settings=\"{&quot;_animation&quot;:&quot;nussFadeInUp&quot;}\" data-widget_type=\"text-editor.default\">\n\t\t\t\t<div class=\"elementor-widget-container\">\n\t\t\t\t\t\t\t\t\t<p>Was das Elong-Erlebnis wirklich ausmacht, ist seine <strong>au\u00dfergew\u00f6hnlicher Service<\/strong>Reisende betonen immer wieder die <strong>mehrsprachiges, freundliches Personal<\/strong> Sie geben sich gr\u00f6\u00dfte M\u00fche, um den G\u00e4sten zu helfen und \u00fcberwinden mit Herzlichkeit und Geduld sogar Sprachbarrieren. Von der Organisation individueller Stadtf\u00fchrungen bis hin zu Insidertipps zu versteckten Sch\u00e4tzen wie nahegelegenen historischen Gassen \u2013 das Engagement des Teams macht Aufenthalte zu pers\u00f6nlichen Erlebnissen. \u201eWir f\u00fchlten uns wie VIPs in einer 26-Millionen-Stadt\u201c, erz\u00e4hlte ein Gast.<\/p>\t\t\t\t\t\t\t\t<\/div>\n\t\t\t\t<\/div>\n\t\t\t\t\t<\/div>\n\t\t<\/div>\n\t\t\t\t\t<\/div>\n\t\t<\/section>\n\t\t\t\t<section class=\"elementor-section elementor-top-section elementor-element elementor-element-4e3572f elementor-section-gap-beside-no elementor-section-boxed elementor-section-height-default elementor-section-height-default elementor-section-column-vertical-align-stretch\" data-id=\"4e3572f\" data-element_type=\"section\" data-e-type=\"section\">\n\t\t\t\t\t\t<div class=\"elementor-container elementor-column-gap-extended\">\n\t\t\t\t\t<div class=\"elementor-column elementor-col-50 elementor-top-column elementor-element elementor-element-c0c6914\" data-id=\"c0c6914\" data-element_type=\"column\" data-e-type=\"column\">\n\t\t\t<div class=\"elementor-widget-wrap elementor-element-populated\">\n\t\t\t\t\t\t<div class=\"elementor-element elementor-element-77ded9c elementor-invisible nuss-elementor-loading nuss-slide-in-right elementor-widget elementor-widget-image\" data-id=\"77ded9c\" data-element_type=\"widget\" data-e-type=\"widget\" data-settings=\"{&quot;_animation&quot;:&quot;nussSlideInRight&quot;}\" data-widget_type=\"image.default\">\n\t\t\t\t<div class=\"elementor-widget-container\">\n\t\t\t\t\t\t\t\t\t\t\t\t\t\t\t<img decoding=\"async\" width=\"1280\" height=\"853\" src=\"https:\/\/shanghaielonghotel.com\/wp-content\/uploads\/2025\/03\/0202o120008pl5kt9372B_W_1280_853_R5.webp\" class=\"attachment-full size-full wp-image-5643\" alt=\"\" srcset=\"https:\/\/shanghaielonghotel.com\/wp-content\/uploads\/2025\/03\/0202o120008pl5kt9372B_W_1280_853_R5.webp 1280w, https:\/\/shanghaielonghotel.com\/wp-content\/uploads\/2025\/03\/0202o120008pl5kt9372B_W_1280_853_R5-300x200.webp 300w, https:\/\/shanghaielonghotel.com\/wp-content\/uploads\/2025\/03\/0202o120008pl5kt9372B_W_1280_853_R5-1024x682.webp 1024w, https:\/\/shanghaielonghotel.com\/wp-content\/uploads\/2025\/03\/0202o120008pl5kt9372B_W_1280_853_R5-768x512.webp 768w\" sizes=\"(max-width: 1280px) 100vw, 1280px\" \/>\t\t\t\t\t\t\t\t\t\t\t\t\t\t\t<\/div>\n\t\t\t\t<\/div>\n\t\t\t\t\t<\/div>\n\t\t<\/div>\n\t\t\t\t<div class=\"elementor-column elementor-col-50 elementor-top-column elementor-element elementor-element-222439b\" data-id=\"222439b\" data-element_type=\"column\" data-e-type=\"column\">\n\t\t\t<div class=\"elementor-widget-wrap elementor-element-populated\">\n\t\t\t\t\t\t<div class=\"elementor-element elementor-element-8524fd8 elementor-invisible elementor-widget elementor-widget-nuss-heading\" data-id=\"8524fd8\" data-element_type=\"widget\" data-e-type=\"widget\" data-settings=\"{&quot;_animation&quot;:&quot;nussFadeInUp&quot;}\" data-widget_type=\"nuss-heading.default\">\n\t\t\t\t<div class=\"elementor-widget-container\">\n\t\t\t\t\t\t\t<div class=\"nuss-modern-heading\">\r\n\t\t\t\r\n\t\t\t\t\t\t<div class=\"heading-primary-wrap\">\r\n\t\t\t\t<span class=\"heading-primary elementor-heading-title\">Ein Tor zur Seele Shanghais\n<\/span>\t\t\t<\/div>\r\n\t\t\r\n\t\t\t\r\n\t\t\t\t\t<\/div>\r\n\t\t\t\t\t<\/div>\n\t\t\t\t<\/div>\n\t\t\t\t<div class=\"elementor-element elementor-element-8b3e245 elementor-invisible elementor-widget elementor-widget-text-editor\" data-id=\"8b3e245\" data-element_type=\"widget\" data-e-type=\"widget\" data-settings=\"{&quot;_animation&quot;:&quot;nussFadeInUp&quot;}\" data-widget_type=\"text-editor.default\">\n\t\t\t\t<div class=\"elementor-widget-container\">\n\t\t\t\t\t\t\t\t\t<p>Auch au\u00dferhalb des Hotels schw\u00e4rmen G\u00e4ste von der Leichtigkeit, mit der sich Shanghais Kontraste erkunden lassen \u2013 von der futuristischen Skyline Pudongs bis zum ruhigen Yu-Garten, alles erreichbar mit der nahegelegenen U-Bahn. Viele kehren mit Geschichten von spontanen Erlebnissen zur\u00fcck: Abendspazierg\u00e4nge entlang der beleuchteten Promenade des Bundes, Feilschen auf lokalen M\u00e4rkten oder Kaffeetrinken in malerischen Gassencaf\u00e9s. Das Elong Hotel mit seiner Mischung aus Komfort und Charme ist der perfekte Ausgangspunkt f\u00fcr diese Erinnerungen.<\/p><p>Ein erfahrener Reisender dr\u00fcckt es so aus: \u201eHier zu \u00fcbernachten bedeutet nicht nur, einen Platz zum Schlafen zu finden \u2013 es geht darum, sich mit dem Herzschlag Shanghais verbunden zu f\u00fchlen.\u201c Ob es das gemeinsame Lachen beim Fr\u00fchst\u00fcck, der atemberaubende Blick auf die Skyline im Morgengrauen oder das beruhigende L\u00e4cheln eines Mitarbeiters ist \u2013 das Shanghai Elong Hotel bietet Erlebnisse, die noch lange nach dem Auschecken in Erinnerung bleiben.<\/p>\t\t\t\t\t\t\t\t<\/div>\n\t\t\t\t<\/div>\n\t\t\t\t\t<\/div>\n\t\t<\/div>\n\t\t\t\t\t<\/div>\n\t\t<\/section>\n\t\t\t\t<section class=\"elementor-section elementor-top-section elementor-element elementor-element-2758c3bd elementor-section-stretched elementor-section-boxed elementor-section-gap-beside-yes elementor-section-height-default elementor-section-height-default elementor-section-column-vertical-align-stretch\" data-id=\"2758c3bd\" data-element_type=\"section\" data-e-type=\"section\" data-settings=\"{&quot;background_background&quot;:&quot;classic&quot;,&quot;stretch_section&quot;:&quot;section-stretched&quot;}\">\n\t\t\t\t\t\t<div class=\"elementor-container elementor-column-gap-extended\">\n\t\t\t\t\t<div class=\"elementor-column elementor-col-100 elementor-top-column elementor-element elementor-element-5bd110c8\" data-id=\"5bd110c8\" data-element_type=\"column\" data-e-type=\"column\">\n\t\t\t<div class=\"elementor-widget-wrap elementor-element-populated\">\n\t\t\t\t\t\t<div class=\"elementor-element elementor-element-53b1107e elementor-widget elementor-widget-heading\" data-id=\"53b1107e\" data-element_type=\"widget\" data-e-type=\"widget\" data-widget_type=\"heading.default\">\n\t\t\t\t<div class=\"elementor-widget-container\">\n\t\t\t\t\t<h2 class=\"elementor-heading-title elementor-size-default\">Verf\u00fcgbarkeit pr\u00fcfen <\/h2>\t\t\t\t<\/div>\n\t\t\t\t<\/div>\n\t\t\t\t<div class=\"elementor-element elementor-element-4a657924 elementor-widget elementor-widget-text-editor\" data-id=\"4a657924\" data-element_type=\"widget\" data-e-type=\"widget\" data-widget_type=\"text-editor.default\">\n\t\t\t\t<div class=\"elementor-widget-container\">\n\t\t\t\t\t\t\t\t\t<iframe border=\"0\" src=\"https:\/\/www.trip.com\/partners\/ad\/S2520898?Allianceid=5415915&#038;SID=183231315&#038;trip_sub1=\" style=\"width:900px;height:200px\" frameborder=\"0\" scrolling=\"no\" id=\"S2520898\"><\/iframe>\t\t\t\t\t\t\t\t<\/div>\n\t\t\t\t<\/div>\n\t\t\t\t\t<\/div>\n\t\t<\/div>\n\t\t\t\t\t<\/div>\n\t\t<\/section>\n\t\t\t\t<\/div>","protected":false},"excerpt":{"rendered":"<p>Nestled in the heart of Shanghai\u2019s bustling urban landscape, the Shanghai Elong Hotel has become a magnet for globetrotters seeking both comfort and cultural immersion. Travelers consistently praise its prime location on Nanjing Road, steps away from the vibrant Nanjing Pedestrian Street\u2014a paradise for shoppers and history enthusiasts alike\u2014and a short stroll from iconic landmarks [&hellip;]<\/p>\n","protected":false},"author":1,"featured_media":0,"parent":0,"menu_order":0,"comment_status":"closed","ping_status":"closed","template":"","meta":{"footnotes":""},"class_list":["post-2106","page","type-page","status-publish","hentry","post-no-thumbnail"],"_links":{"self":[{"href":"https:\/\/shanghaielonghotel.com\/de\/wp-json\/wp\/v2\/pages\/2106","targetHints":{"allow":["GET"]}}],"collection":[{"href":"https:\/\/shanghaielonghotel.com\/de\/wp-json\/wp\/v2\/pages"}],"about":[{"href":"https:\/\/shanghaielonghotel.com\/de\/wp-json\/wp\/v2\/types\/page"}],"author":[{"embeddable":true,"href":"https:\/\/shanghaielonghotel.com\/de\/wp-json\/wp\/v2\/users\/1"}],"replies":[{"embeddable":true,"href":"https:\/\/shanghaielonghotel.com\/de\/wp-json\/wp\/v2\/comments?post=2106"}],"version-history":[{"count":0,"href":"https:\/\/shanghaielonghotel.com\/de\/wp-json\/wp\/v2\/pages\/2106\/revisions"}],"wp:attachment":[{"href":"https:\/\/shanghaielonghotel.com\/de\/wp-json\/wp\/v2\/media?parent=2106"}],"curies":[{"name":"wp","href":"https:\/\/api.w.org\/{rel}","templated":true}]}}